{"id":10,"date":"2022-01-30T11:36:24","date_gmt":"2022-01-30T10:36:24","guid":{"rendered":"https:\/\/miinventariopersonal.com\/de\/?page_id=10"},"modified":"2026-03-29T22:48:30","modified_gmt":"2026-03-29T20:48:30","slug":"main_page","status":"publish","type":"page","link":"https:\/\/miinventariopersonal.com\/de\/","title":{"rendered":"Startseite"},"content":{"rendered":"\n<h1 class=\"wp-block-heading\" id=\"willkommen-bei-mein-personliches-inventar\">Willkommen bei &#8222;Mein pers\u00f6nliches Inventar&#8220;<\/h1>\n\n\n\n<h3 class=\"wp-block-heading\" id=\"sie-wollten-schon-immer-ein-personliches-inventar-anlegen-aber-sie-haben-noch-kein-wirklich-einfaches-tool-dafur-gefunden\">Sie wollten schon immer ein pers\u00f6nliches Inventar anlegen, aber Sie haben noch kein wirklich einfaches Tool daf\u00fcr gefunden?<\/h3>\n\n\n\n<p>Die F\u00fchrung eines pers\u00f6nlichen Inventars kann aus mehreren Gr\u00fcnden wichtig sein:<\/p>\n\n\n\n<ul class=\"wp-block-list\">\n<li><strong>Organisation<\/strong>: Eine Bestandsaufnahme Ihrer Besitzt\u00fcmer, ob Kleidung, B\u00fccher oder Werkzeuge, kann Ihnen helfen, organisiert zu bleiben und den \u00dcberblick zu behalten. Dies kann verhindern, dass Sie versehentlich Duplikate von Artikeln kaufen, die Sie bereits besitzen, oder den \u00dcberblick \u00fcber Artikel verlieren, die Sie selten verwenden.<\/li>\n\n\n\n<li><strong>Versicherungszwecke<\/strong>: Wenn Ihr Eigentum besch\u00e4digt, gestohlen oder verloren geht, kann Ihnen ein Inventar dabei helfen, einen Anspruch bei Ihrer Versicherungsgesellschaft geltend zu machen. Es liefert einen Nachweis \u00fcber Ihr Eigentum und den Wert jedes Gegenstands, was Ihnen helfen kann, eine angemessene Entsch\u00e4digung zu erhalten.<\/li>\n\n\n\n<li><strong>Nachlassplanung<\/strong>: Wenn Sie versterben, kann eine Bestandsaufnahme Ihren Angeh\u00f6rigen den Umgang mit Ihrem Nachlass erleichtern. Es kann ihnen helfen zu verstehen, was Sie besa\u00dfen und wie Sie Ihren Besitz nach Ihren W\u00fcnschen verteilen k\u00f6nnen.<\/li>\n\n\n\n<li><strong>Finanzplanung<\/strong>: Auch f\u00fcr die Finanzplanung kann eine Bestandsaufnahme hilfreich sein. Es kann Ihnen helfen, Ihr Nettoverm\u00f6gen zu verstehen und Bereiche zu identifizieren, in denen Sie m\u00f6glicherweise zu viel ausgeben oder Ausgaben k\u00fcrzen k\u00f6nnten.<\/li>\n<\/ul>\n\n\n\n<p>Insgesamt kann die F\u00fchrung eines pers\u00f6nlichen Inventars Ihnen helfen, organisiert zu bleiben, Ihren Besitz zu sch\u00fctzen und fundierte Entscheidungen \u00fcber Ihre Finanzen zu treffen.<\/p>\n\n\n\n<div class=\"wp-block-columns is-layout-flex wp-container-core-columns-is-layout-28f84493 wp-block-columns-is-layout-flex\">\n<div class=\"wp-block-column is-layout-flow wp-block-column-is-layout-flow\" style=\"flex-basis:50%\">\n<figure class=\"wp-block-gallery has-nested-images columns-default is-cropped wp-block-gallery-1 is-layout-flex wp-block-gallery-is-layout-flex\">\n<figure class=\"wp-block-image size-medium\"><img loading=\"lazy\" decoding=\"async\" width=\"146\" height=\"300\" data-id=\"598\" src=\"https:\/\/miinventariopersonal.com\/de\/wp-content\/uploads\/2024\/11\/bild1-146x300.png\" alt=\"\" class=\"wp-image-598\" srcset=\"https:\/\/miinventariopersonal.com\/de\/wp-content\/uploads\/2024\/11\/bild1-146x300.png 146w, https:\/\/miinventariopersonal.com\/de\/wp-content\/uploads\/2024\/11\/bild1.png 397w\" sizes=\"auto, (max-width: 146px) 100vw, 146px\" \/><\/figure>\n\n\n\n<figure class=\"wp-block-image size-full\"><img loading=\"lazy\" decoding=\"async\" width=\"400\" height=\"814\" data-id=\"599\" src=\"https:\/\/miinventariopersonal.com\/de\/wp-content\/uploads\/2024\/11\/bild2.png\" alt=\"\" class=\"wp-image-599\" srcset=\"https:\/\/miinventariopersonal.com\/de\/wp-content\/uploads\/2024\/11\/bild2.png 400w, https:\/\/miinventariopersonal.com\/de\/wp-content\/uploads\/2024\/11\/bild2-147x300.png 147w\" sizes=\"auto, (max-width: 400px) 100vw, 400px\" \/><\/figure>\n\n\n\n<figure class=\"wp-block-image size-full\"><img loading=\"lazy\" decoding=\"async\" width=\"398\" height=\"813\" data-id=\"600\" src=\"https:\/\/miinventariopersonal.com\/de\/wp-content\/uploads\/2024\/11\/bild3.png\" alt=\"\" class=\"wp-image-600\" srcset=\"https:\/\/miinventariopersonal.com\/de\/wp-content\/uploads\/2024\/11\/bild3.png 398w, https:\/\/miinventariopersonal.com\/de\/wp-content\/uploads\/2024\/11\/bild3-147x300.png 147w\" sizes=\"auto, (max-width: 398px) 100vw, 398px\" \/><\/figure>\n<\/figure>\n<\/div>\n\n\n\n<div class=\"wp-block-column is-layout-flow wp-block-column-is-layout-flow\" style=\"flex-basis:50%\">\n<div class=\"wp-block-columns is-layout-flex wp-container-core-columns-is-layout-28f84493 wp-block-columns-is-layout-flex\">\n<div class=\"wp-block-column is-layout-flow wp-block-column-is-layout-flow\" style=\"flex-basis:100%\">\n<p>&#8222;Mein pers\u00f6nliches Inventar&#8220; ist eine App f\u00fcr Android<sup>TM<\/sup>, welche das einfache Erstellen und Verwalten von pers\u00f6nlichen, privaten Inventaren unterst\u00fctzt. Sei es f\u00fcr Ihr Hobby, Ihre Einrichtungsgegenst\u00e4nde, Kleidung, B\u00fccher, Wekzeug, etc&#8230;<\/p>\n<\/div>\n<\/div>\n\n\n\n<p>Das Motto der App: &#8222;keep it simple &amp; easy&#8220; \/ &#8222;halte es einfach und leicht&#8220;.<\/p>\n<\/div>\n<\/div>\n\n\n\n<p><\/p>\n\n\n\n<p>&#8222;Mein pers\u00f6nliches Inventar&#8220; ist bereits seit nunmehr einigen Jahren produktiv im Einsatz und wird st\u00e4nding weiterentwickelt. Auf dieser Seite finden Sie alle wichtigen Informationen rund um die Applikation.<\/p>\n\n\n\n<figure class=\"wp-block-image size-full is-resized\"><a href=\"https:\/\/play.google.com\/store\/apps\/details?id=com.tomkos.myinventory\"><img loading=\"lazy\" decoding=\"async\" width=\"646\" height=\"250\" src=\"https:\/\/miinventariopersonal.com\/de\/wp-content\/uploads\/2022\/03\/google-play-badge1.png\" alt=\"\" class=\"wp-image-113\" style=\"width:158px;height:61px\" srcset=\"https:\/\/miinventariopersonal.com\/de\/wp-content\/uploads\/2022\/03\/google-play-badge1.png 646w, https:\/\/miinventariopersonal.com\/de\/wp-content\/uploads\/2022\/03\/google-play-badge1-300x116.png 300w\" sizes=\"auto, (max-width: 646px) 100vw, 646px\" \/><\/a><figcaption class=\"wp-element-caption\">Bei Google Play in der produktiven Version verf\u00fcgbar! Jetzt auch mit Excel Export, Barcode Funktion und automatisierbarem Backup auf Ihrem OneDrive<sup>TM<\/sup>, Google Drive<sup>TM<\/sup> oder einem WebDav Server.<\/figcaption><\/figure>\n\n\n\n<hr class=\"wp-block-separator has-alpha-channel-opacity is-style-wide\"\/>\n\n\n\n<p>Die Anwendung ist mit allen Funktionen v\u00f6llig kostenlos und ohne In-App-K\u00e4ufe. Wenn Ihnen die App gef\u00e4llt und Sie uns Ihre Wertsch\u00e4tzung zeigen m\u00f6chten, k\u00f6nnen Sie uns eine Bewertung schreiben, uns eine E-Mail senden oder uns jetzt auch einen Kaffee spendieren:<\/p>\n\n\n\n<div style=\"text-align: center; transform: scale(0.7); transform-origin: center;\"><script type=\"text\/javascript\" src=\"https:\/\/cdnjs.buymeacoffee.com\/1.0.0\/button.prod.min.js\" data-name=\"bmc-button\" data-slug=\"mypersonalinventory\" data-color=\"#FFDD00\" data-emoji=\"\u2615\" data-font=\"Lato\" data-text=\"Ich kaufe euch einen Kaffee\" data-outline-color=\"#000000\" data-font-color=\"#000000\" data-coffee-color=\"#ffffff\"><\/script><\/div>\n\n\n\n<hr class=\"wp-block-separator has-alpha-channel-opacity is-style-wide\" style=\"margin-top:var(--wp--preset--spacing--60)\"\/>\n\n\n\n<div class=\"wp-block-media-text is-stacked-on-mobile\" style=\"grid-template-columns:38% auto\"><figure class=\"wp-block-media-text__media\"><img loading=\"lazy\" decoding=\"async\" width=\"1024\" height=\"355\" src=\"https:\/\/miinventariopersonal.com\/de\/wp-content\/uploads\/2024\/11\/InvOnlineDe-1024x355.jpg\" alt=\"\" class=\"wp-image-587 size-full\" srcset=\"https:\/\/miinventariopersonal.com\/de\/wp-content\/uploads\/2024\/11\/InvOnlineDe-1024x355.jpg 1024w, https:\/\/miinventariopersonal.com\/de\/wp-content\/uploads\/2024\/11\/InvOnlineDe-300x104.jpg 300w, https:\/\/miinventariopersonal.com\/de\/wp-content\/uploads\/2024\/11\/InvOnlineDe-768x266.jpg 768w, https:\/\/miinventariopersonal.com\/de\/wp-content\/uploads\/2024\/11\/InvOnlineDe.jpg 1223w\" sizes=\"auto, (max-width: 1024px) 100vw, 1024px\" \/><\/figure><div class=\"wp-block-media-text__content\">\n<p class=\"has-medium-font-size\"><strong>In Entwicklung<\/strong><\/p>\n\n\n\n<p>Wir arbeiten weitehin an einem gro\u00dfen Update f\u00fcr Ihre pers\u00f6nliche Inventarverwaltung.<\/p>\n\n\n\n<p>Die aktuelle Implementierung ist mit einigen Test-Usern im Probe-Betrieb, hat aber noch nicht die n\u00f6tige Reife f\u00fcr eine allgemeine Verf\u00fcgbarkeit erreicht.<\/p>\n\n\n\n<p>Das Konto \u201eMein pers\u00f6nliches Inventar\u201c soll als optionale Zusatzfunktion eingef\u00fchrt werden, um eine Online-Synchronisierung, Ihrer Ger\u00e4te zu erm\u00f6glichen.<\/p>\n\n\n\n<p><\/p>\n<\/div><\/div>\n\n\n\n<hr class=\"wp-block-separator has-alpha-channel-opacity is-style-wide\"\/>\n\n\n\n<h3 class=\"wp-block-heading\">Neuigkeiten:<\/h3>\n\n\n\n<ul class=\"wp-block-list\">\n<li><strong>Version 1.9 <\/strong>hat den Testzyklus gestartet und bringt in K\u00fcrze: Neu: <strong>WebDAV-Synchronisierungsoption. <\/strong>Neu: <strong>Bilddateigr\u00f6\u00dfe limitierbar.<\/strong><br><\/li>\n\n\n\n<li><strong>Version 1.8.19 <\/strong>wurde ver\u00f6ffentlicht: Neu: <strong>Checkout von Artikeln (Verkauf\/Spende)<\/strong><br><\/li>\n\n\n\n<li><strong>Version 1.8.18<\/strong> wurde ver\u00f6ffentlicht: Neu: <strong>Barcode Leser ruft optional Daten aus Google Books<sup>TM<\/sup> oder Open Food Facts ab<\/strong>. Neu: <strong>Kategorie-Farben werden in der Artikelliste angezeigt<\/strong>. Neu: <strong>Artikel-Empf\u00e4nger k\u00f6nnen verwaltet werden<\/strong>.<br><\/li>\n\n\n\n<li><strong>Version 1.8.17 <\/strong>wurde ver\u00f6ffentlicht: Neu: <strong>Ablaufwarnungen f\u00fcr jede Kategorie konfigurierbar<\/strong>. Verbessert: Die <strong>globale Suche umfasst archivierte, ausgeliehene und Einkaufsliten-Artikel<\/strong>. Neu: <strong>Sie k\u00f6nnen archivierten Elementen eine Notiz hinzuf\u00fcgen<\/strong>. Verbessert: <strong>Die archivierte Artikelliste enth\u00e4lt ein Altersfeld<\/strong>.<br><\/li>\n\n\n\n<li><strong>Version 1.8.16<\/strong> wurde ver\u00f6ffentlicht: Neu: <strong>Min. und Max. Bestandswarnungen k\u00f6nnen jetzt pro Artikel eingestellt werden<\/strong>. Neu: <strong>Artikel k\u00f6nnen jetzt archiviert werden<\/strong>. Neu: <strong>Vorschau der enthaltenen Artikel einen Sub-Inventars (Akkordeon-Ansicht) in der Artikelliste<\/strong>.<br><\/li>\n\n\n\n<li><strong>Version 1.8.15<\/strong> wurde ver\u00f6ffentlicht: Neu: bei der <strong>Ausleihe und R\u00fcckgabe von Artikeln kann der Bestand entsprechend angepasst werden<\/strong>. Verbessert: es k\u00f6nnen <strong>bis zu 10 eigene Datenfelder pro Inventar <\/strong>genutzt werden.<br><\/li>\n\n\n\n<li><strong>Version 1.8.14<\/strong> wurde ver\u00f6ffentlicht: Neu: <strong>pro Artikel k\u00f6nnen nun mehrere Kategorien vergeben werden<\/strong>. Neu: <strong>automatisierbare lokale Backups<\/strong>. Neu: <strong>Reiter &#8222;Ausleih-Historie&#8220; im Artikel-Editiermodus<\/strong>.<br><\/li>\n\n\n\n<li><strong>Version 1.8.13<\/strong> wurde ver\u00f6ffentlicht: Neu: eine <strong>Option zum Verwalten ausgeliehener Artikel<\/strong>.<br><\/li>\n\n\n\n<li><strong>Version 1.8.12<\/strong> wurde ver\u00f6ffentlicht: Neu: <strong>Option zum Nutzen einer vorhandenen Galerie-App zum Hinzuf\u00fcgen von Bildern zu Artikeln<\/strong>.<br><\/li>\n\n\n\n<li><strong>Version 1.8.11 <\/strong>wurde ver\u00f6ffentlicht: Neu: <strong>Backup und Wiederherstellen nach bzw. von Zip Dateien<\/strong>. Neu: <strong>Benachrichtigungen bei Erreichen von Bestands-Limits und Ablaufdaten<\/strong>.<br><\/li>\n\n\n\n<li><strong>Version 1.8.10<\/strong> wurde ver\u00f6ffentlicht. Neu: Sie k\u00f6nnen <strong>konfigurieren, welche Daten in der Galerieansicht angezeigt werden<\/strong>. Neu: <strong>Speichern und Wiederherstellen Ihrer Filter-, Gruppierungs- und Sortiereinstellungen<\/strong>. Verbessert: Diverse Fehlerbehebungen und Verbesserungen.<br><\/li>\n\n\n\n<li><strong>Vorschau Version 1.9<\/strong> hat den finalen Testzyklus erreicht und l\u00e4uft bereits bei einigen Anwendern stabil im <strong>Beta-Test<\/strong>. Es bietet erstmalig das \u201eMein pers\u00f6nliches Inventar\u201c Benutzerkono an und erlaubt Online-Backups. Dies ist die Grundlage f\u00fcr die Online-Synchronisierung, die mit der Version 2.0 verf\u00fcgbar wird. Um Entwicklungs. und Testkapazit\u00e4ten zu b\u00fcndeln, werden wir nach aktuellem Stand <strong>Version 1.9 und 2.0 gemeinsam ver\u00f6ffentlichen<\/strong>. Ziel ist <strong>Q3\/2025<\/strong>.<br>Fehlerbehebung und kleinere Verbesseungen werden weiterhin mit der Version 1.8.* zur Verf\u00fcgung gestellt.<br><\/li>\n\n\n\n<li><strong>Version 1.8.9<\/strong> wurde ver\u00f6ffentlicht. Neu: <strong>neues Datenfeld \u201eMax. Bestand\u201c<\/strong> f\u00fcr Artikel. Verbessert: <strong>angepasste initiale Bildgr\u00f6sse bei der Bildansicht<\/strong><br><\/li>\n\n\n\n<li>Das in K\u00fcrze verf\u00fcgbare <strong>&#8222;Mein pers\u00f6nliches Inventar&#8220;-&#8222;Benutzerkonto&#8220;<\/strong> wurde in die <strong>Datenschutzrichtlinie und die Nutzungsbedingungen <\/strong>aufgenommen.<br><\/li>\n\n\n\n<li><strong>Version 1.8.8<\/strong> wurde ver\u00f6ffentlicht. Es handelt sich im Wesentlichen um ein Wartungsrelease mit <strong>Fehlerbehebungen und kleinen Verbesserungen<\/strong>.<br><\/li>\n\n\n\n<li><strong>Version 1.8.7<\/strong> wurde ver\u00f6ffentlicht und bringt: Neu: <strong>Vorhandene Bilder und Fotos nach der Aufnahme zuschneiden und drehen<\/strong>. Neu: <strong>Nextcloud Unterst\u00fctzung<\/strong> als Backup-Medium<br><\/li>\n\n\n\n<li><strong>Version 1.8.6<\/strong> wurde ver\u00f6ffentlicht und bringt: Neu: <strong>Eigene Datenfelder unterst\u00fctzen jetzt auch den Typ Ein\/Aus-Schalter<\/strong>. Fehlerbehebung: Export der eigenen Datenfelder.<br><\/li>\n\n\n\n<li><strong>Version 1.8.5<\/strong> wurde ver\u00f6ffentlicht und bringt: Neu: <strong>Eigene Datenfelder k\u00f6nnen auch zur Gruppierung genutzt werden<\/strong>. \u00c4nderung: <strong>&#8222;Inventartyp&#8220; wurde abgeschafft <\/strong>und durch eine individuelle Konfiguration der Standardfelder ersetzt, \u00c4nderung: <strong>Artikel-Blatt und Excel-Export enthalten nur aktive Datenfelder<\/strong>.<br><\/li>\n\n\n\n<li><strong>Version 1.8.4<\/strong> wurde ver\u00f6ffentlicht und bringt: Verbessert: Die <strong>Statistik enth\u00e4lt eine Zusammenfassung<\/strong>. Verbessert: Sie k\u00f6nnen einen <strong>Artikel in dasselbe Inventar kopieren (duplizieren)<\/strong>. Verbessert: <strong>In Filterparametern k\u00f6nnen Sie den Barcodeleser verwenden<\/strong>. Verbessert: <strong>Sortierung nach eigenen Datenfeldern<\/strong>. Verbessert: <strong>Suchoption nach Inventaren beim Kopieren\/Verschieben von Artikeln<\/strong>.<br><\/li>\n\n\n\n<li><strong>Version 1.8.3<\/strong> wurde ver\u00f6ffentlicht und bringt: Neu: <strong>Barcode-Datenfeld f\u00fcr Inventare<\/strong>. <strong>Bilder f\u00fcr Einkaufslistenartikel.<\/strong> Verbessert: Mehrere Korrekturen und Verbesserungen.<br><\/li>\n\n\n\n<li><strong>Version 1.8.2<\/strong> wurde ver\u00f6ffentlicht und bringt: <strong>W\u00e4hlbares Backup-\/Restore-Verzeichnis<\/strong> und verschiedene Korrekturen.<br><\/li>\n\n\n\n<li><strong>Version 1.8.1<\/strong> wurde ver\u00f6ffentlicht und bringt: <strong>aktualisierte Statistik-Funktion, PDF-Vorschau<\/strong> und weitere Verbesserungen.<br><\/li>\n\n\n\n<li><strong>Version 1.8<\/strong> wurde ver\u00f6ffentlicht und bringt: die M\u00f6glichkeit <strong>Daten zu importieren und untergeordnete Inventare<\/strong> zu erstellen.<\/li>\n<\/ul>\n\n\n\n<div class=\"wp-block-columns is-layout-flex wp-container-core-columns-is-layout-28f84493 wp-block-columns-is-layout-flex\">\n<div class=\"wp-block-column is-layout-flow wp-block-column-is-layout-flow\" style=\"flex-basis:100%\"><\/div>\n<\/div>\n","protected":false},"excerpt":{"rendered":"<p>Willkommen bei &#8222;Mein pers\u00f6nliches Inventar&#8220; Sie wollten schon immer ein pers\u00f6nliches Inventar anlegen, aber Sie haben noch kein wirklich einfaches Tool daf\u00fcr gefunden? Die F\u00fchrung eines pers\u00f6nlichen Inventars kann aus mehreren Gr\u00fcnden wichtig sein: Insgesamt kann die F\u00fchrung eines pers\u00f6nlichen Inventars Ihnen helfen, organisiert zu bleiben, Ihren Besitz zu sch\u00fctzen und fundierte Entscheidungen \u00fcber Ihre [&hellip;]<\/p>\n","protected":false},"author":1,"featured_media":0,"parent":0,"menu_order":0,"comment_status":"closed","ping_status":"closed","template":"","meta":{"site-sidebar-layout":"default","site-content-layout":"","ast-site-content-layout":"default","site-content-style":"default","site-sidebar-style":"default","ast-global-header-display":"","ast-banner-title-visibility":"","ast-main-header-display":"","ast-hfb-above-header-display":"","ast-hfb-below-header-display":"","ast-hfb-mobile-header-display":"","site-post-title":"disabled","ast-breadcrumbs-content":"","ast-featured-img":"","footer-sml-layout":"","ast-disable-related-posts":"","theme-transparent-header-meta":"","adv-header-id-meta":"","stick-header-meta":"","header-above-stick-meta":"","header-main-stick-meta":"","header-below-stick-meta":"","astra-migrate-meta-layouts":"set","ast-page-background-enabled":"default","ast-page-background-meta":{"desktop":{"background-color":"var(--ast-global-color-4)","background-image":"","background-repeat":"repeat","background-position":"center center","background-size":"auto","background-attachment":"scroll","background-type":"","background-media":"","overlay-type":"","overlay-color":"","overlay-opacity":"","overlay-gradient":""},"tablet":{"background-color":"","background-image":"","background-repeat":"repeat","background-position":"center center","background-size":"auto","background-attachment":"scroll","background-type":"","background-media":"","overlay-type":"","overlay-color":"","overlay-opacity":"","overlay-gradient":""},"mobile":{"background-color":"","background-image":"","background-repeat":"repeat","background-position":"center center","background-size":"auto","background-attachment":"scroll","background-type":"","background-media":"","overlay-type":"","overlay-color":"","overlay-opacity":"","overlay-gradient":""}},"ast-content-background-meta":{"desktop":{"background-color":"var(--ast-global-color-5)","background-image":"","background-repeat":"repeat","background-position":"center center","background-size":"auto","background-attachment":"scroll","background-type":"","background-media":"","overlay-type":"","overlay-color":"","overlay-opacity":"","overlay-gradient":""},"tablet":{"background-color":"var(--ast-global-color-5)","background-image":"","background-repeat":"repeat","background-position":"center center","background-size":"auto","background-attachment":"scroll","background-type":"","background-media":"","overlay-type":"","overlay-color":"","overlay-opacity":"","overlay-gradient":""},"mobile":{"background-color":"var(--ast-global-color-5)","background-image":"","background-repeat":"repeat","background-position":"center center","background-size":"auto","background-attachment":"scroll","background-type":"","background-media":"","overlay-type":"","overlay-color":"","overlay-opacity":"","overlay-gradient":""}},"footnotes":""},"class_list":["post-10","page","type-page","status-publish","hentry"],"_links":{"self":[{"href":"https:\/\/miinventariopersonal.com\/de\/index.php\/wp-json\/wp\/v2\/pages\/10","targetHints":{"allow":["GET"]}}],"collection":[{"href":"https:\/\/miinventariopersonal.com\/de\/index.php\/wp-json\/wp\/v2\/pages"}],"about":[{"href":"https:\/\/miinventariopersonal.com\/de\/index.php\/wp-json\/wp\/v2\/types\/page"}],"author":[{"embeddable":true,"href":"https:\/\/miinventariopersonal.com\/de\/index.php\/wp-json\/wp\/v2\/users\/1"}],"replies":[{"embeddable":true,"href":"https:\/\/miinventariopersonal.com\/de\/index.php\/wp-json\/wp\/v2\/comments?post=10"}],"version-history":[{"count":145,"href":"https:\/\/miinventariopersonal.com\/de\/index.php\/wp-json\/wp\/v2\/pages\/10\/revisions"}],"predecessor-version":[{"id":787,"href":"https:\/\/miinventariopersonal.com\/de\/index.php\/wp-json\/wp\/v2\/pages\/10\/revisions\/787"}],"wp:attachment":[{"href":"https:\/\/miinventariopersonal.com\/de\/index.php\/wp-json\/wp\/v2\/media?parent=10"}],"curies":[{"name":"wp","href":"https:\/\/api.w.org\/{rel}","templated":true}]}}