{"id":350,"date":"2023-11-11T10:15:09","date_gmt":"2023-11-11T09:15:09","guid":{"rendered":"https:\/\/miinventariopersonal.com\/de\/?page_id=350"},"modified":"2023-11-11T10:21:49","modified_gmt":"2023-11-11T09:21:49","slug":"ihr-wunsch-an-uns","status":"publish","type":"page","link":"https:\/\/miinventariopersonal.com\/de\/index.php\/ihr-wunsch-an-uns\/","title":{"rendered":"Ihr Wunsch an uns"},"content":{"rendered":"\n<p>Hier k\u00f6nnen Sie uns Ihre Idee f\u00fcr Verbesserungen, neue Funktionen oder gew\u00fcnschte \u00c4nderungen in der Anwendung mitteilen. Alle Ideen werden von uns bewertet und, wenn sie umsetzbar sind und der Philosophie der Anwendung entsprechen, dem Backlog f\u00fcr nachfolgende Versionen hinzugef\u00fcgt.<\/p>\n\n\n\n<p>Ihre Daten werden ausschlie\u00dflich zum Zwecke der Bearbeitung und Beantwortung Ihrer Anfrage elektronisch erhoben und gespeichert. Mit dem Absenden Ihrer Nachricht akzeptieren Sie unsere <a href=\"https:\/\/miinventariopersonal.com\/de\/index.php\/datenschutzerklaerung\/\" data-type=\"page\" data-id=\"30\">Datenschutzbestimmungen<\/a>.<\/p>\n\n\n<div class=\"wpforms-container wpforms-container-full wpforms-block wpforms-block-df06c2cb-a0e3-451b-8753-bd1df83ee80f wpforms-render-modern\" id=\"wpforms-352\"><form id=\"wpforms-form-352\" class=\"wpforms-validate wpforms-form wpforms-ajax-form\" data-formid=\"352\" method=\"post\" enctype=\"multipart\/form-data\" action=\"\/de\/index.php\/wp-json\/wp\/v2\/pages\/350\" data-token=\"6f2cfd3430fb1c02f1696878cc699d4c\" data-token-time=\"1776353273\"><noscript class=\"wpforms-error-noscript\">Bitte aktiviere JavaScript in deinem Browser, um dieses Formular fertigzustellen.<\/noscript><div id=\"wpforms-error-noscript\" style=\"display: none;\">Bitte aktiviere JavaScript in deinem Browser, um dieses Formular fertigzustellen.<\/div><div class=\"wpforms-field-container\"><div id=\"wpforms-352-field_1-container\" class=\"wpforms-field wpforms-field-name\" data-field-id=\"1\"><label class=\"wpforms-field-label\" for=\"wpforms-352-field_1\">Name <span class=\"wpforms-required-label\" aria-hidden=\"true\">*<\/span><\/label><input type=\"text\" id=\"wpforms-352-field_1\" class=\"wpforms-field-medium wpforms-field-required\" name=\"wpforms[fields][1]\" aria-errormessage=\"wpforms-352-field_1-error\" required><\/div><div id=\"wpforms-352-field_2-container\" class=\"wpforms-field wpforms-field-email\" data-field-id=\"2\"><label class=\"wpforms-field-label\" for=\"wpforms-352-field_2\">E-Mail-Adresse<\/label><input type=\"email\" id=\"wpforms-352-field_2\" class=\"wpforms-field-medium\" name=\"wpforms[fields][2]\" spellcheck=\"false\" aria-errormessage=\"wpforms-352-field_2-error\" aria-describedby=\"wpforms-352-field_2-description\" ><div id=\"wpforms-352-field_2-description\" class=\"wpforms-field-description\">Falls Sie uns erlauben Sie f\u00fcr evtl. Nachfragen zu Ihrer Anforderung zu kontaktieren.<\/div><\/div><div id=\"wpforms-352-field_3-container\" class=\"wpforms-field wpforms-field-textarea\" data-field-id=\"3\"><label class=\"wpforms-field-label\" for=\"wpforms-352-field_3\">Beschreibung Ihrer Anforderung <span class=\"wpforms-required-label\" aria-hidden=\"true\">*<\/span><\/label><textarea id=\"wpforms-352-field_3\" class=\"wpforms-field-medium wpforms-field-required\" name=\"wpforms[fields][3]\" aria-errormessage=\"wpforms-352-field_3-error\" aria-describedby=\"wpforms-352-field_3-description\" required><\/textarea><div id=\"wpforms-352-field_3-description\" class=\"wpforms-field-description\">Es kann sich um eine neue Funktionalit\u00e4t, eine \u00c4nderung in der Anwendung oder eine andere Idee handeln &#8230;<\/div><\/div><div id=\"wpforms-352-field_4-container\" class=\"wpforms-field wpforms-field-checkbox\" data-field-id=\"4\"><fieldset><legend class=\"wpforms-field-label\">Checkboxen <span class=\"wpforms-required-label\" aria-hidden=\"true\">*<\/span><\/legend><ul id=\"wpforms-352-field_4\" class=\"wpforms-field-required\"><li class=\"choice-1 depth-1\"><input type=\"checkbox\" id=\"wpforms-352-field_4_1\" name=\"wpforms[fields][4][]\" value=\"Einverst\u00e4ndnis zur Datenverarbeitung\" aria-errormessage=\"wpforms-352-field_4_1-error\" aria-describedby=\"wpforms-352-field_4-description\" required ><label class=\"wpforms-field-label-inline\" for=\"wpforms-352-field_4_1\">Einverst\u00e4ndnis zur Datenverarbeitung<\/label><\/li><\/ul><div id=\"wpforms-352-field_4-description\" class=\"wpforms-field-description\">Ich habe die Datenschutzerkl\u00e4rung gelesen und akzeptiere sie. Ihre personenbezogenen Daten werden ausschlie\u00dflich zum Zweck der Bearbeitung und Beantwortung Ihrer Anfrage elektronisch erhoben und gespeichert und nicht an Dritte weitergegeben.<\/div><\/fieldset><\/div><\/div><!-- .wpforms-field-container --><div class=\"wpforms-submit-container\" ><input type=\"hidden\" name=\"wpforms[id]\" value=\"352\"><input type=\"hidden\" name=\"page_title\" value=\"\"><input type=\"hidden\" name=\"page_url\" value=\"https:\/\/miinventariopersonal.com\/de\/index.php\/wp-json\/wp\/v2\/pages\/350\"><input type=\"hidden\" name=\"url_referer\" value=\"\"><button type=\"submit\" name=\"wpforms[submit]\" id=\"wpforms-submit-352\" class=\"wpforms-submit\" data-alt-text=\"Wird gesendet\u00a0\u2026\" data-submit-text=\"Absenden\" aria-live=\"assertive\" value=\"wpforms-submit\">Absenden<\/button><img loading=\"lazy\" decoding=\"async\" src=\"https:\/\/miinventariopersonal.com\/de\/wp-content\/plugins\/wpforms-lite\/assets\/images\/submit-spin.svg\" class=\"wpforms-submit-spinner\" style=\"display: none;\" width=\"26\" height=\"26\" alt=\"Wird geladen\"><\/div><\/form><\/div>  <!-- .wpforms-container -->","protected":false},"excerpt":{"rendered":"<p>Hier k\u00f6nnen Sie uns Ihre Idee f\u00fcr Verbesserungen, neue Funktionen oder gew\u00fcnschte \u00c4nderungen in der Anwendung mitteilen. Alle Ideen werden von uns bewertet und, wenn sie umsetzbar sind und der Philosophie der Anwendung entsprechen, dem Backlog f\u00fcr nachfolgende Versionen hinzugef\u00fcgt. Ihre Daten werden ausschlie\u00dflich zum Zwecke der Bearbeitung und Beantwortung Ihrer Anfrage elektronisch erhoben und [&hellip;]<\/p>\n","protected":false},"author":1,"featured_media":0,"parent":0,"menu_order":0,"comment_status":"closed","ping_status":"closed","template":"","meta":{"site-sidebar-layout":"default","site-content-layout":"","ast-site-content-layout":"default","site-content-style":"default","site-sidebar-style":"default","ast-global-header-display":"","ast-banner-title-visibility":"","ast-main-header-display":"","ast-hfb-above-header-display":"","ast-hfb-below-header-display":"","ast-hfb-mobile-header-display":"","site-post-title":"","ast-breadcrumbs-content":"","ast-featured-img":"","footer-sml-layout":"","ast-disable-related-posts":"","theme-transparent-header-meta":"","adv-header-id-meta":"","stick-header-meta":"","header-above-stick-meta":"","header-main-stick-meta":"","header-below-stick-meta":"","astra-migrate-meta-layouts":"set","ast-page-background-enabled":"default","ast-page-background-meta":{"desktop":{"background-color":"var(--ast-global-color-4)","background-image":"","background-repeat":"repeat","background-position":"center center","background-size":"auto","background-attachment":"scroll","background-type":"","background-media":"","overlay-type":"","overlay-color":"","overlay-opacity":"","overlay-gradient":""},"tablet":{"background-color":"","background-image":"","background-repeat":"repeat","background-position":"center center","background-size":"auto","background-attachment":"scroll","background-type":"","background-media":"","overlay-type":"","overlay-color":"","overlay-opacity":"","overlay-gradient":""},"mobile":{"background-color":"","background-image":"","background-repeat":"repeat","background-position":"center center","background-size":"auto","background-attachment":"scroll","background-type":"","background-media":"","overlay-type":"","overlay-color":"","overlay-opacity":"","overlay-gradient":""}},"ast-content-background-meta":{"desktop":{"background-color":"var(--ast-global-color-5)","background-image":"","background-repeat":"repeat","background-position":"center center","background-size":"auto","background-attachment":"scroll","background-type":"","background-media":"","overlay-type":"","overlay-color":"","overlay-opacity":"","overlay-gradient":""},"tablet":{"background-color":"var(--ast-global-color-5)","background-image":"","background-repeat":"repeat","background-position":"center center","background-size":"auto","background-attachment":"scroll","background-type":"","background-media":"","overlay-type":"","overlay-color":"","overlay-opacity":"","overlay-gradient":""},"mobile":{"background-color":"var(--ast-global-color-5)","background-image":"","background-repeat":"repeat","background-position":"center center","background-size":"auto","background-attachment":"scroll","background-type":"","background-media":"","overlay-type":"","overlay-color":"","overlay-opacity":"","overlay-gradient":""}},"footnotes":""},"class_list":["post-350","page","type-page","status-publish","hentry"],"_links":{"self":[{"href":"https:\/\/miinventariopersonal.com\/de\/index.php\/wp-json\/wp\/v2\/pages\/350","targetHints":{"allow":["GET"]}}],"collection":[{"href":"https:\/\/miinventariopersonal.com\/de\/index.php\/wp-json\/wp\/v2\/pages"}],"about":[{"href":"https:\/\/miinventariopersonal.com\/de\/index.php\/wp-json\/wp\/v2\/types\/page"}],"author":[{"embeddable":true,"href":"https:\/\/miinventariopersonal.com\/de\/index.php\/wp-json\/wp\/v2\/users\/1"}],"replies":[{"embeddable":true,"href":"https:\/\/miinventariopersonal.com\/de\/index.php\/wp-json\/wp\/v2\/comments?post=350"}],"version-history":[{"count":2,"href":"https:\/\/miinventariopersonal.com\/de\/index.php\/wp-json\/wp\/v2\/pages\/350\/revisions"}],"predecessor-version":[{"id":358,"href":"https:\/\/miinventariopersonal.com\/de\/index.php\/wp-json\/wp\/v2\/pages\/350\/revisions\/358"}],"wp:attachment":[{"href":"https:\/\/miinventariopersonal.com\/de\/index.php\/wp-json\/wp\/v2\/media?parent=350"}],"curies":[{"name":"wp","href":"https:\/\/api.w.org\/{rel}","templated":true}]}}