{"id":93,"date":"2022-02-14T16:57:58","date_gmt":"2022-02-14T15:57:58","guid":{"rendered":"https:\/\/miinventariopersonal.com\/de\/?page_id=93"},"modified":"2026-04-12T19:19:20","modified_gmt":"2026-04-12T17:19:20","slug":"backlog","status":"publish","type":"page","link":"https:\/\/miinventariopersonal.com\/de\/index.php\/backlog\/","title":{"rendered":"Backlog"},"content":{"rendered":"\n<h1 class=\"wp-block-heading\" id=\"backlog\">Backlog<\/h1>\n\n\n\n<p>Auf dieser Seite finden Sie neue alle neuen Anforderungen aus dem Anwenderfeedback und den Status bez\u00fcglich der funtionalen Analyse und Bewertung sowie der Implementierung.<\/p>\n\n\n\n<p>Sollten Sie W\u00fcnsche  zu neuen Funktionen oder \u00c4nderungsw\u00fcnsche zu bestehenden Funktionen haben, k\u00f6nnen Sie unser <a href=\"https:\/\/miinventariopersonal.com\/de\/index.php\/ihr-wunsch-an-uns\/\" data-type=\"page\" data-id=\"350\">Formular <\/a>f\u00fcr Verbesserungsideen verwenden oder uns eine E-Mail mit einer entsprechenden Beschreibung Ihrer Anforderung schicken: <a href=\"mailto:miinventario@thomaskoslowsky.com\">miinventario@thomaskoslowsky.com<\/a><\/p>\n\n\n\n<h3 class=\"wp-block-heading\" id=\"aktuelle-anforderungen\">Aktuelle Anforderungen (neueste zuerst):<\/h3>\n\n\n\n<figure class=\"wp-block-table is-style-stripes has-small-font-size\"><table class=\"has-border-color has-black-border-color\"><thead><tr><th class=\"has-text-align-center\" data-align=\"center\">Nr.<\/th><th>Thema\/Anforderung<\/th><th>Typ (Neue Funktion\/\u00c4nderung\/Verbesserung\/Fehlfunktion)<\/th><th>Status (Analyse\/Bewertung\/Design\/Entwicklung\/Test)<\/th><th><strong>Geplant f\u00fcr Version<\/strong> (Releasetermin)<\/th><\/tr><\/thead><tbody><tr><td class=\"has-text-align-center\" data-align=\"center\">50<\/td><td>Neu: <strong>WebDAV-Synchronisierungsoption. <\/strong>Neu: <strong>Bilddateigr\u00f6\u00dfe limitierbar.<\/strong><\/td><td>Neue und verbesserte Funktionen<\/td><td>Test<\/td><td>1.9 (19.04.2026)<\/td><\/tr><tr><td class=\"has-text-align-center\" data-align=\"center\">49<\/td><td>Neu: <strong>Checkout von Artikeln (Verkauf\/Spende)<\/strong><\/td><td>Neue und verbesserte Funktionen<\/td><td>Ver\u00f6ffentlicht, verf\u00fcgbar auf dem Play Store<\/td><td>1.8.19 (21.02.2026)<\/td><\/tr><tr><td class=\"has-text-align-center\" data-align=\"center\">48<\/td><td>Neu:<strong> Barcode Leser ruft optional Daten aus Google Books<sup>TM<\/sup> oder Open Food Facts ab<\/strong>. Neu: <strong>Kategorie-Farben werden in der Artikelliste angezeigt<\/strong>. Neu: <strong>Artikel-Empf\u00e4nger k\u00f6nnen verwaltet werden<\/strong>.<\/td><td>Neue und verbesserte Funktionen<\/td><td>Ver\u00f6ffentlicht, verf\u00fcgbar auf dem Play Store<\/td><td>1.8.18 (20.12.2025)<\/td><\/tr><tr><td class=\"has-text-align-center\" data-align=\"center\">47<\/td><td>Neu: <strong>Ablaufwarnungen f\u00fcr jede Kategorie konfigurierbar<\/strong>. Verbessert: Die <strong>globale Suche umfasst archivierte, ausgeliehene und Einkaufsliten-Artikel<\/strong>. Neu: <strong>Sie k\u00f6nnen archivierten Elementen eine Notiz hinzuf\u00fcgen<\/strong>. Verbessert: <strong>Die archivierte Artikelliste enth\u00e4lt ein Altersfeld<\/strong>.<\/td><td>Neue und verbesserte Funktionen<\/td><td>Ver\u00f6ffentlicht, verf\u00fcgbar auf dem Play Store<\/td><td>1.8.17 (16.11.2025)<\/td><\/tr><tr><td class=\"has-text-align-center\" data-align=\"center\">46<\/td><td>Neu: <strong>Min. und Max. Bestandswarnungen k\u00f6nnen jetzt pro Artikel eingestellt werden<\/strong>. Neu: <strong>Artikel k\u00f6nnen jetzt archiviert werden<\/strong>. Neu: <strong>Vorschau der enthaltenen Artikel einen Sub-Inventars (Akkordeon-Ansicht) in der Artikelliste<\/strong>.<\/td><td>Neue Funktion<\/td><td>Ver\u00f6ffentlicht, verf\u00fcgbar auf dem Play Store<\/td><td>1.8.16 (02\/11\/2025)<\/td><\/tr><tr><td class=\"has-text-align-center\" data-align=\"center\">45<\/td><td>Neu: bei der <strong>Ausleihe und R\u00fcckgabe von Artikeln kann der Bestand entsprechend angepasst werden<\/strong>. Verbessert: es k\u00f6nnen <strong>bis zu 10 eigene Datenfelder pro Inventar <\/strong>genutzt werden. <\/td><td>Neue Funktion<\/td><td>Ver\u00f6ffentlicht, verf\u00fcgbar auf dem Play Store<\/td><td>1.8.15 (07\/10\/2025)<\/td><\/tr><tr><td class=\"has-text-align-center\" data-align=\"center\">44<\/td><td>Neu: <strong>pro Artikel k\u00f6nnen nun mehrere Kategorien vergeben werden<\/strong>. Neu: <strong>automatisierbare lokale Backups<\/strong>. Neu: <strong>Reiter &#8222;Ausleih-Historie&#8220; im Artikel-Editiermodus<\/strong>.<\/td><td>Neue Funktion<\/td><td>Ver\u00f6ffentlicht, verf\u00fcgbar auf dem Play Store<\/td><td>1.8.14 (07\/09\/2025)<\/td><\/tr><tr><td class=\"has-text-align-center\" data-align=\"center\">43<\/td><td>Neu: <strong>Verwalten einer Liste verborgter Artikel.<\/strong> Verbessert: Mehrere Korrekturen und Verbesserungen.<\/td><td>Neue Funktion<\/td><td>Ver\u00f6ffentlicht, verf\u00fcgbar auf dem Play Store<\/td><td>1.8.13 (17\/07\/2025)<\/td><\/tr><tr><td class=\"has-text-align-center\" data-align=\"center\">42<\/td><td>Neu: <strong>Auswahlm\u00f6glichkeit einer vorhandenen Galerie-App zur Auswahl von Bildern.<\/strong><\/td><td>Neue Funktion<\/td><td>Ver\u00f6ffentlicht, verf\u00fcgbar auf dem Play Store<\/td><td>1.8.12 (01\/05\/2025)<\/td><\/tr><tr><td class=\"has-text-align-center\" data-align=\"center\">41<\/td><td>Neu: <strong>Backup und Wiederherstellen<\/strong> nach bzw. von <strong>Zip Dateien<\/strong>. Neu: <strong>Benachrichtigungen bei Erreichen von Bestands-Limits und Ablaufdaten.<\/strong><\/td><td>Neue Funktion<\/td><td>Ver\u00f6ffentlicht, verf\u00fcgbar auf dem Play Store<\/td><td>1.8.11 (26\/04\/2025)<\/td><\/tr><tr><td class=\"has-text-align-center\" data-align=\"center\">40<\/td><td>Neu: Sie k\u00f6nnen <strong>konfigurieren, welche Daten in der Galerieansicht angezeigt werden<\/strong>. Neu: <strong>Speichern und Wiederherstellen Ihrer Filter-, Gruppierungs- und Sortiereinstellungen<\/strong>. Verbessert: Diverse Fehlerbehebungen und Verbesserungen.<\/td><td>Neue Funktion<\/td><td>Ver\u00f6ffentlicht, verf\u00fcgbar auf dem Play Store<\/td><td>1.8.10 (12\/04\/2025)<\/td><\/tr><tr><td class=\"has-text-align-center\" data-align=\"center\">39<\/td><td><strong>Neues Datenfeld \u201eMax. Bestand\u201c <\/strong>f\u00fcr Artikel. Verbessert: Initiale Bildgr\u00f6sse bei der Bildansicht<\/td><td>Neue Funktion\/Verbesserung<\/td><td>Ver\u00f6ffentlicht, verf\u00fcgbar auf dem Play Store<\/td><td>1.8.9 (23\/02\/2025)<\/td><\/tr><tr><td class=\"has-text-align-center\" data-align=\"center\">38<\/td><td>Wartungsrelease mit <strong>Fehlerbehebungen und kleinen Verbesserungen<\/strong><\/td><td>Verbesserung<\/td><td>Ver\u00f6ffentlicht, verf\u00fcgbar auf dem Play Store<\/td><td>1.8.8 (19\/01\/2025)<\/td><\/tr><tr><td class=\"has-text-align-center\" data-align=\"center\">37<\/td><td>Neu: <strong>Vorhandene Bilder und Fotos nach der Aufnahme zuschneiden und drehen<\/strong>. Neu: <strong>Nextcloud Unterst\u00fctzung<\/strong> als Backup-Medium<\/td><td>Neue Funktion <\/td><td>Ver\u00f6ffentlicht, verf\u00fcgbar auf dem Play Store<\/td><td>1.8.7 (08\/12\/2024)<\/td><\/tr><tr><td class=\"has-text-align-center\" data-align=\"center\">36<\/td><td>Neu: <strong>Eigene Datenfelder unterst\u00fctzen jetzt auch den Typ Ein\/Aus-Schalter<\/strong>. Fehlerbehebung: Export der eigenen Datenfelder.<\/td><td>Neue Funktion\/Verbesserung<\/td><td>Ver\u00f6ffentlicht, verf\u00fcgbar auf dem Play Store<\/td><td>1.8.6 (12\/11\/2024)<\/td><\/tr><tr><td class=\"has-text-align-center\" data-align=\"center\">35<\/td><td>Neu: <strong>Eigene Datenfelder k\u00f6nnen auch zur Gruppierung genutzt werden<\/strong>. \u00c4nderung: <strong>&#8222;Inventartyp&#8220; wurde abgeschafft <\/strong>und durch eine individuelle Konfiguration der Standardfelder ersetzt, \u00c4nderung: <strong>Artikel-Blatt und Excel-Export enthalten nur aktive Datenfelder<\/strong>.<\/td><td>Neu\/\u00c4nderung<\/td><td>Ver\u00f6ffentlicht, verf\u00fcgbar auf dem Play Store<\/td><td>1.8.5 (06\/10\/2024)<\/td><\/tr><tr><td class=\"has-text-align-center\" data-align=\"center\">34<\/td><td>Verbessert: Die <strong>Statistik enth\u00e4lt eine Zusammenfassung<\/strong>. Verbessert: Sie k\u00f6nnen einen <strong>Artikel in dasselbe Inventar kopieren (duplizieren)<\/strong>. Verbessert: <strong>In Filterparametern k\u00f6nnen Sie den Barcodeleser verwenden<\/strong>.<br>Verbessert: <strong>Sortierung nach eigenen Datenfeldern<\/strong>. Verbessert: <strong>Suchoption nach Inventaren beim Kopieren\/Verschieben von Artikeln<\/strong><\/td><td>Verbesserung<\/td><td>Ver\u00f6ffentlicht, verf\u00fcgbar auf dem Play Store<\/td><td>1.8.4 (22\/09\/2024)<\/td><\/tr><tr><td class=\"has-text-align-center\" data-align=\"center\">33<\/td><td>Neu: <strong>Barcode-Datenfeld f\u00fcr Inventare<\/strong>. <strong>Bilder f\u00fcr Einkaufslistenartikel.<\/strong> Verbessert: Mehrere Korrekturen und Verbesserungen.<\/td><td>Neue Funktion<\/td><td>Ver\u00f6ffentlicht, verf\u00fcgbar auf dem Play Store<\/td><td>1.8.3 (01\/09\/2024)<\/td><\/tr><tr><td class=\"has-text-align-center\" data-align=\"center\">32<\/td><td>Neu: <strong>W\u00e4hlbares Backup-\/Restore-Verzeichnis<\/strong>. Verbessert: Verschiedene Korrekturen.<\/td><td>Neue Funktion<\/td><td>Ver\u00f6ffentlicht, verf\u00fcgbar auf dem Play Store<\/td><td>1.8.2 (25\/08\/2024)<\/td><\/tr><tr><td class=\"has-text-align-center\" data-align=\"center\">31<\/td><td>Erneuerte <strong>Statistik-Funktion<\/strong>, <strong>Vorschaubild f\u00fcr PDF-Dateien<\/strong><\/td><td>Verbesserung\/Neue Funktion<\/td><td>Ver\u00f6ffentlicht, verf\u00fcgbar auf dem Play Store<\/td><td>1.8.1 (20\/07\/2024)<\/td><\/tr><tr><td class=\"has-text-align-center\" data-align=\"center\">30<\/td><td>&#8211; <strong>Importieren Sie Artikel aus einem Excel Template<\/strong><br>&#8211; Inventare k\u00f6nnen untergeordnete Inventare enthalten<\/td><td>Neue Funktion<\/td><td>Ver\u00f6ffentlicht, verf\u00fcgbar auf dem Play Store<\/td><td>1.8 (07\/07\/2024)<\/td><\/tr><tr><td class=\"has-text-align-center\" data-align=\"center\">29<\/td><td>F\u00fcgen Sie Ihren Inventaren bis zu 3 <strong>eigene Datenfelder<\/strong> hinzu.<\/td><td>Neue Funktion<\/td><td>Ver\u00f6ffentlicht, verf\u00fcgbar auf dem Play Store<\/td><td>1.7 (01\/06\/2024)<\/td><\/tr><tr><td class=\"has-text-align-center\" data-align=\"center\">28<\/td><td>Korrektur: Absturz auf einigen Android 9 Versionen. Verbessert: Filter Parameter. Verbessert: Kleinere Korrekturen.<\/td><td>Verbesserung\/Korrektur<\/td><td>Ver\u00f6ffentlicht, verf\u00fcgbar auf dem Play Store<\/td><td>1.6.4 (17\/05\/2024)<\/td><\/tr><tr><td class=\"has-text-align-center\" data-align=\"center\">27<\/td><td>Neu: <strong>Gruppierungsfilter der Artikelliste, Excel Export optional mit Dokumenten<\/strong>, <strong>anpassbares Backup-Intervall<\/strong> Verbessert: Kleinere Fehlerkorrekturen und Verbesserungen<\/td><td>Neue Funktion<\/td><td>Ver\u00f6ffentlicht, verf\u00fcgbar auf dem Play Store<\/td><td>1.6.3 (12\/05\/2024)<\/td><\/tr><tr><td class=\"has-text-align-center\" data-align=\"center\">26<\/td><td>Neu: <strong>Empfangen von Text aus anderen Aplikationen<\/strong>. <strong>Empfang von Artikeldaten die aus der Amazon App geteilt werden<\/strong>. Aktualisiert: Sortierkriterien in der Artikelliste. Es kann nun auch nach Menge sortiert werden. Verbessert: Kleinere Fehlerkorrekturen und Verbesserungen<\/td><td>Neue Funktion<\/td><td>Ver\u00f6ffentlicht, verf\u00fcgbar auf dem Play Store<\/td><td>1.6.2 (04\/05\/2024)<\/td><\/tr><tr><td class=\"has-text-align-center\" data-align=\"center\">25<\/td><td>Neu: <strong>Preisangabe f\u00fcr Einkaufslisten-Elemente<\/strong>. Neu: <strong>Artikel-ID mit optionalem Pr\u00e4fix<\/strong> ist jetzt verf\u00fcgbar. Neu: <strong>Artikelblatt zur Anzeige von Artikeln<\/strong>. Verbessert: Kleinere Fehlerkorrekturen und Verbesserungen<\/td><td>Neue Funktion<\/td><td>Ver\u00f6ffentlicht, verf\u00fcgbar auf dem Play Store<\/td><td>1.6.1 (21\/04\/2024)<\/td><\/tr><tr><td class=\"has-text-align-center\" data-align=\"center\">24<\/td><td>Neu: <strong>Einkaufslisten-Funktion<\/strong><\/td><td>Neue Funktion<\/td><td>Ver\u00f6ffentlicht, verf\u00fcgbar auf dem Play Store<\/td><td>1.6 (14\/04\/2024)<\/td><\/tr><tr><td class=\"has-text-align-center\" data-align=\"center\">23<\/td><td>Zus\u00e4tzliches <strong>Artikellisten-Design mit +\/- Schaltern <\/strong>zum \u00c4ndern des Bestands. <strong>Erweiterte Filterfunktionen f\u00fcr die Artikelliste<\/strong>. <strong>Filterkuntion in der Galerie-Ansicht<\/strong>. Neue <strong>Option zum Einstellen des Warn-Levels f\u00fcr den minimalen-Bestand<\/strong>.<\/td><td>Neue Funktion<\/td><td>Ver\u00f6ffentlicht, verf\u00fcgbar auf dem Play Store<\/td><td>1.5.7 (17\/03\/2024)<\/td><\/tr><tr><td class=\"has-text-align-center\" data-align=\"center\">22<\/td><td>Neu: <strong>Zus\u00e4tzliche Datenfelder: Artikel-Kategorie und minimaler Bestand<\/strong>. Neu: <strong>Konfiguration der angezeigten Datenfelder (Inventartyp)<\/strong>. Neu: <strong>Filterkriterien f\u00fcr die globale Suche<\/strong>. Aktualisiert: <strong>WebDav Support f\u00fcr &#8222;self signed certificates<\/strong>&#8222;. Verbessert: Kleinere Korrekturen.<\/td><td>Neue Funktion<\/td><td>Ver\u00f6ffentlicht, verf\u00fcgbar auf dem Play Store<\/td><td>1.5.6 (10\/03\/2024)<\/td><\/tr><tr><td class=\"has-text-align-center\" data-align=\"center\">21<\/td><td>Neu: <strong>Unterst\u00fctzung von WebDAV zur Datensicherung\/-wiederherstellung<\/strong>. Aktualisiert: Galerieansicht und Artikelliste. Verbessert: Kleinere Korrekturen.<\/td><td>Neue Funktion<\/td><td>Ver\u00f6ffentlicht, verf\u00fcgbar auf dem Play Store<\/td><td>1.5.5 (01\/03\/2024)<\/td><\/tr><tr><td class=\"has-text-align-center\" data-align=\"center\">20<\/td><td>Neu: <strong>Aktionsleiste f\u00fcr Schnellzugriff auf globale Suche Barcode-Leser und Foto-Aufnahme<\/strong>. Aktualisiert: <strong>Barcode Leser mit erweiterten Funktionen<\/strong>. Verbessert: Kleinere Korrekturen.<\/td><td>Neue Funktion<\/td><td>Ver\u00f6ffentlicht, verf\u00fcgbar auf dem Play Store<\/td><td>1.5.4 (11\/02\/2024)<\/td><\/tr><tr><td class=\"has-text-align-center\" data-align=\"center\">19<\/td><td>Neu: <strong>Galerieansicht f\u00fcr Inventare und Artikel<\/strong>. Aktualisiert: Das <strong>Teilen von Artikeln umfasst jetzt Text und Bilder und kann in den Optionen angepasst <\/strong>werden. Verbessert: Kleinere Korrekturen.<\/td><td>Neue Funktion<\/td><td>Ver\u00f6ffentlicht, verf\u00fcgbar auf dem Play Store<\/td><td>1.5.3 (28\/01\/2024)<\/td><\/tr><tr><td class=\"has-text-align-center\" data-align=\"center\">18<\/td><td>Neu: <strong>Erstellungs- und \u00c4nderungsdatum f\u00fcr Artikel und Inventare<\/strong>. Neu: <strong>Bewertung und Lesezeichen f\u00fcr Artikel<\/strong>. Verbessert: Mehrere kleinere Verbesserungen.<\/td><td>Neue Funktion<\/td><td>Ver\u00f6ffentlicht, verf\u00fcgbar auf dem Play Store<\/td><td>1.5.2 (14\/01\/2024)<\/td><\/tr><tr><td class=\"has-text-align-center\" data-align=\"center\">17<\/td><td>Neu: <strong>Verkn\u00fcpfungen von Artikeln mit mehreren Inventaren k\u00f6nnen nun direkt in der Artikelbearbeitung ge\u00e4ndernt werden<\/strong>. Dar\u00fcber hinaus wurden Informationen \u00fcber den verf\u00fcgbaren Bestand, das Ablaufdatum und den Standort in die Standardansicht der Inventarliste aufgenommen.<\/td><td>Neue Funktion<\/td><td>Ver\u00f6ffentlicht, verf\u00fcgbar auf dem Play Store<\/td><td>1.5.1 (03\/12\/2023)<\/td><\/tr><tr><td class=\"has-text-align-center\" data-align=\"center\">16<\/td><td>Neu: <strong>Inventare k\u00f6nnen zu Gruppen zusammengestellt werden<\/strong>.<\/td><td>Neue Funktion<\/td><td>Ver\u00f6ffentlicht, verf\u00fcgbar auf dem Play Store<\/td><td>1.5 (12\/11\/2023)<\/td><\/tr><tr><td class=\"has-text-align-center\" data-align=\"center\">15<\/td><td>Neu: <strong>Liste der Inventare mit denen ein Artikel verkn\u00fcpft ist kann jetzt direkt \u00fcber die Artikelansicht angezeigt werden<\/strong>.  Kleinere Korrekturen und Verbesserungen.<\/td><td>Neue Funktion<\/td><td>Ver\u00f6ffentlicht, verf\u00fcgbar auf dem Play Store<\/td><td>1.4.1 (01\/10\/2023)<\/td><\/tr><tr><td class=\"has-text-align-center\" data-align=\"center\">14<\/td><td><strong>Versionsupdate!<\/strong> Neu: <strong>Erneuerte Backup\/Restore-Funktion.<\/strong> Neu: <strong>Backup-Service f\u00fcr automatisierte Backups im Hintergrund<\/strong>. Neu: <strong>Artikel k\u00f6nnen mit mehreren Best\u00e4nden verkn\u00fcpft werden<\/strong>. Neu: <strong>Artikelmen\u00fc in der Inventarliste<\/strong>. Verbessert: Mehrere kleinere Verbesserungen.<\/td><td>Neue Funktion<\/td><td>Ver\u00f6ffentlicht, verf\u00fcgbar auf dem Play Store<\/td><td>1.4 (17\/09\/2023)<\/td><\/tr><tr><td class=\"has-text-align-center\" data-align=\"center\">13<\/td><td>Neu: <strong>Ablaufindikator jetzt auch in der Inventarliste<\/strong> f\u00fcr Inventare die abgelaufene oder fast abgelaufene Artikel enthalten. Neu: <strong>Option zum Festlegen der Anzahl der Tage f\u00fcr den Ablaufindikator<\/strong>. Neu: <strong>Mehrere Inventare k\u00f6nnen f\u00fcr Statistiken ausgew\u00e4hlt werden.<\/strong><\/td><td>Neue Funktion<\/td><td>Ver\u00f6ffentlicht, verf\u00fcgbar auf dem Play Store<\/td><td>1.3.14 (27\/07\/2023)<\/td><\/tr><tr><td class=\"has-text-align-center\" data-align=\"center\">12<\/td><td>Neu: <strong>Artikel die kurz vor dem Ablaufdatum sind und abgelaufene Artikel werden in der Artikelliste markiert<\/strong>. Neu: <strong>Im Backupfenster werden Informationen zum letzten Backup und zur letzten Wiederherstellung angezeigt<\/strong>. Neu: <strong>Im Auswahlfenster f\u00fcr Bilder bestehender Artikel kann jetzt gesucht werden.<\/strong> Neu: <strong>Option zur Auswahl des Anmeldeclients f\u00fcr OneDrive<\/strong> und <strong>Option zur Auswahl ob nur das Hauptbild oder alle Bilder gesendet werden wenn ein Artikel geteilt wird<\/strong>.<\/td><td>Neue Funktion<\/td><td>Ver\u00f6ffentlicht, verf\u00fcgbar auf dem Play Store<\/td><td>1.3.13 (09\/07\/2023)<\/td><\/tr><tr><td class=\"has-text-align-center\" data-align=\"center\">11<\/td><td>Neu:<strong> Teilen umfasst jetzt alle Bilder eines Artikels<\/strong>. Verbessert: Sprachnotizen. Neu: <strong>zus\u00e4tzliche Sortieroptionen f\u00fcr Artikel hinzugef\u00fcgt<\/strong>. Kleinere Korrekturen und Verbesserungen.<\/td><td>Wartung + Neue Funktion<\/td><td>Ver\u00f6ffentlicht, verf\u00fcgbar auf dem Play Store<\/td><td>1.3.12 (02\/07\/2023)<\/td><\/tr><tr><td class=\"has-text-align-center\" data-align=\"center\">10<\/td><td><strong>Einstellen des Backup-\/Wiederherstellen-Ordners <\/strong>durch den Anwender. <strong>Zus\u00e4tzliches Listenformat f\u00fcr die Artikelliste.<\/strong> <strong>Sprachnotizen k\u00f6nnen jetzt bis zu 5 Minuten lang aufgezeichnet werden<\/strong>.<\/td><td>Neue Funktion<\/td><td>Ver\u00f6ffentlicht, verf\u00fcgbar auf dem Play Store<\/td><td>1.3.11 (18\/06\/2023)<\/td><\/tr><tr><td class=\"has-text-align-center\" data-align=\"center\">9<\/td><td><strong>Auswahl einer W\u00e4hrung f\u00fcr einen Artikel<\/strong>. Unterst\u00fctzung von <strong>Sprachnotizen die zu Artikeln hinzugef\u00fcgt werden k\u00f6nnen<\/strong>.<\/td><td>Neue Funktion<\/td><td>Ver\u00f6ffentlicht, verf\u00fcgbar auf dem Play Store<\/td><td>1.3.10 (11\/06\/2023)<\/td><\/tr><tr><td class=\"has-text-align-center\" data-align=\"center\">8<\/td><td>Zus\u00e4zliche <strong>einfache Listenansicht <\/strong>f\u00fcr die Liste der Artikel. <strong>Notizen zu Artikeln.<\/strong> <strong>Sortierbare Artikelliste.<\/strong> Die globale Suche bietet die M\u00f6glichkeit, Dokumente und Notizen in die Suche einzubeziehen<\/td><td>Neue Funktion<\/td><td>Ver\u00f6ffentlicht, verf\u00fcgbar auf dem Play Store<\/td><td>1.3.9 (28\/05\/2023)<\/td><\/tr><tr><td class=\"has-text-align-center\" data-align=\"center\">7<\/td><td><strong>Dokumente mit erweiterten und editierbaren Attributen<\/strong>. <strong>Zus\u00e4tzliche Attribute f\u00fcr Artikel<\/strong>. Verbessertes Scoll-Verhalten in der Artikelansicht.<\/td><td>Neue Funktion<\/td><td>Ver\u00f6ffentlicht, verf\u00fcgbar auf dem Play Store<\/td><td>1.3.8 (14\/05\/2023)<\/td><\/tr><tr><td class=\"has-text-align-center\" data-align=\"center\">6<\/td><td><strong>Starten der Suche bereits beim Tippen<\/strong>, M\u00f6glichkeit zum Erstellen eines <strong>&#8222;Artikelblatts&#8220;<\/strong>, Neue <strong>Option zum Anzeigen\/Verstecken der Artikelmengen<\/strong> in der Listendarstellung.<\/td><td>Neue Funktion<\/td><td>Ver\u00f6ffentlicht, verf\u00fcgbar auf dem Play Store<\/td><td>1.3.7 (21\/04\/2023)<\/td><\/tr><tr><td class=\"has-text-align-center\" data-align=\"center\">5<\/td><td>Unterst\u00fctzung f\u00fcr <strong>Barcodes und QR.<\/strong><\/td><td>Neue Funktion<\/td><td>Ver\u00f6ffentlicht, verf\u00fcgbar auf dem Play Store<\/td><td>1.3.3 (08\/01\/2023)<\/td><\/tr><tr><td class=\"has-text-align-center\" data-align=\"center\">4<\/td><td><strong>Globale Suche von Artikeln<\/strong> \u00fcber alle Inventare hinweg und Statistikfunktion<\/td><td>Neue Funktion<\/td><td>Ver\u00f6ffentlicht, verf\u00fcgbar auf dem Play Store<\/td><td>1.3\/1.3.2\/1.3.2 (23\/12\/2022)<\/td><\/tr><tr><td class=\"has-text-align-center\" data-align=\"center\">3<\/td><td><strong>Mehrere Dateien via &#8222;Teilen&#8220; aus anderen Anwendungen empfangen<\/strong> und dabei nach Artikeln suchen k\u00f6nnen.<\/td><td>Neue Funktion<\/td><td>Ver\u00f6ffentlicht, verf\u00fcgbar auf dem Play Store<\/td><td>1.2.9 (14\/12\/2022)<\/td><\/tr><tr><td class=\"has-text-align-center\" data-align=\"center\">2<\/td><td>M\u00f6glichkeit <strong>neben GoogleDrive(TM) auch OneDrive(TM) als Backup-Medium<\/strong> zu nutzen.<\/td><td>Neue Funktion<\/td><td>Ver\u00f6ffentlicht, verf\u00fcgbar auf dem Play Store<\/td><td>1.2.8 (04\/12\/2022)<\/td><\/tr><tr><td class=\"has-text-align-center\" data-align=\"center\">1<\/td><td><strong>Export der Inventare und ihrer Artikel nach Excel<\/strong><\/td><td>Neue Funktion<\/td><td>Ver\u00f6ffentlicht, verf\u00fcgbar auf dem Play Store<\/td><td>1.2.7 (16\/11\/2022)<\/td><\/tr><\/tbody><\/table><\/figure>\n\n\n\n<p><\/p>\n","protected":false},"excerpt":{"rendered":"<p>Backlog Auf dieser Seite finden Sie neue alle neuen Anforderungen aus dem Anwenderfeedback und den Status bez\u00fcglich der funtionalen Analyse und Bewertung sowie der Implementierung. Sollten Sie W\u00fcnsche zu neuen Funktionen oder \u00c4nderungsw\u00fcnsche zu bestehenden Funktionen haben, k\u00f6nnen Sie unser Formular f\u00fcr Verbesserungsideen verwenden oder uns eine E-Mail mit einer entsprechenden Beschreibung Ihrer Anforderung schicken: [&hellip;]<\/p>\n","protected":false},"author":1,"featured_media":0,"parent":0,"menu_order":0,"comment_status":"closed","ping_status":"closed","template":"","meta":{"site-sidebar-layout":"default","site-content-layout":"","ast-site-content-layout":"default","site-content-style":"default","site-sidebar-style":"default","ast-global-header-display":"","ast-banner-title-visibility":"","ast-main-header-display":"","ast-hfb-above-header-display":"","ast-hfb-below-header-display":"","ast-hfb-mobile-header-display":"","site-post-title":"disabled","ast-breadcrumbs-content":"","ast-featured-img":"","footer-sml-layout":"","ast-disable-related-posts":"","theme-transparent-header-meta":"","adv-header-id-meta":"","stick-header-meta":"","header-above-stick-meta":"","header-main-stick-meta":"","header-below-stick-meta":"","astra-migrate-meta-layouts":"set","ast-page-background-enabled":"default","ast-page-background-meta":{"desktop":{"background-color":"var(--ast-global-color-4)","background-image":"","background-repeat":"repeat","background-position":"center center","background-size":"auto","background-attachment":"scroll","background-type":"","background-media":"","overlay-type":"","overlay-color":"","overlay-opacity":"","overlay-gradient":""},"tablet":{"background-color":"","background-image":"","background-repeat":"repeat","background-position":"center center","background-size":"auto","background-attachment":"scroll","background-type":"","background-media":"","overlay-type":"","overlay-color":"","overlay-opacity":"","overlay-gradient":""},"mobile":{"background-color":"","background-image":"","background-repeat":"repeat","background-position":"center center","background-size":"auto","background-attachment":"scroll","background-type":"","background-media":"","overlay-type":"","overlay-color":"","overlay-opacity":"","overlay-gradient":""}},"ast-content-background-meta":{"desktop":{"background-color":"var(--ast-global-color-5)","background-image":"","background-repeat":"repeat","background-position":"center center","background-size":"auto","background-attachment":"scroll","background-type":"","background-media":"","overlay-type":"","overlay-color":"","overlay-opacity":"","overlay-gradient":""},"tablet":{"background-color":"var(--ast-global-color-5)","background-image":"","background-repeat":"repeat","background-position":"center center","background-size":"auto","background-attachment":"scroll","background-type":"","background-media":"","overlay-type":"","overlay-color":"","overlay-opacity":"","overlay-gradient":""},"mobile":{"background-color":"var(--ast-global-color-5)","background-image":"","background-repeat":"repeat","background-position":"center center","background-size":"auto","background-attachment":"scroll","background-type":"","background-media":"","overlay-type":"","overlay-color":"","overlay-opacity":"","overlay-gradient":""}},"footnotes":""},"class_list":["post-93","page","type-page","status-publish","hentry"],"_links":{"self":[{"href":"https:\/\/miinventariopersonal.com\/de\/index.php\/wp-json\/wp\/v2\/pages\/93","targetHints":{"allow":["GET"]}}],"collection":[{"href":"https:\/\/miinventariopersonal.com\/de\/index.php\/wp-json\/wp\/v2\/pages"}],"about":[{"href":"https:\/\/miinventariopersonal.com\/de\/index.php\/wp-json\/wp\/v2\/types\/page"}],"author":[{"embeddable":true,"href":"https:\/\/miinventariopersonal.com\/de\/index.php\/wp-json\/wp\/v2\/users\/1"}],"replies":[{"embeddable":true,"href":"https:\/\/miinventariopersonal.com\/de\/index.php\/wp-json\/wp\/v2\/comments?post=93"}],"version-history":[{"count":116,"href":"https:\/\/miinventariopersonal.com\/de\/index.php\/wp-json\/wp\/v2\/pages\/93\/revisions"}],"predecessor-version":[{"id":791,"href":"https:\/\/miinventariopersonal.com\/de\/index.php\/wp-json\/wp\/v2\/pages\/93\/revisions\/791"}],"wp:attachment":[{"href":"https:\/\/miinventariopersonal.com\/de\/index.php\/wp-json\/wp\/v2\/media?parent=93"}],"curies":[{"name":"wp","href":"https:\/\/api.w.org\/{rel}","templated":true}]}}