{"id":104,"date":"2022-02-15T08:09:09","date_gmt":"2022-02-15T07:09:09","guid":{"rendered":"https:\/\/miinventariopersonal.com\/es\/?page_id=104"},"modified":"2026-04-12T19:12:00","modified_gmt":"2026-04-12T17:12:00","slug":"documentacion","status":"publish","type":"page","link":"https:\/\/miinventariopersonal.com\/es\/index.php\/documentacion\/","title":{"rendered":"Documentaci\u00f3n"},"content":{"rendered":"\n<h1 class=\"wp-block-heading\" id=\"documentacion-disponible-de-la-aplicacion\">Documentaci\u00f3n disponible de la aplicaci\u00f3n<\/h1>\n\n\n\n<p>En esta p\u00e1gina encontrar\u00e1 documentaci\u00f3n disponible de la aplicaci\u00f3n:<\/p>\n\n\n\n<ul class=\"wp-block-list\">\n<li><a href=\"https:\/\/miinventariopersonal.com\/es\/wp-content\/uploads\/manual_usuario_1.8_ES.pdf\" data-type=\"attachment\" data-id=\"772\">Manual de usuario versi\u00f3n 1.8<\/a><\/li>\n<\/ul>\n\n\n\n<ul class=\"wp-block-list\">\n<li><a href=\"https:\/\/miinventariopersonal.com\/es\/wp-content\/uploads\/2024\/12\/WebDAV_limitations_1.8_ES.pdf\" data-type=\"attachment\" data-id=\"675\">Informaci\u00f3n sobre el soporte limitado de WebDAV<\/a><\/li>\n<\/ul>\n\n\n\n<p>Informaci\u00f3n resumida de actualizaciones:<\/p>\n\n\n\n<ul class=\"wp-block-list\">\n<li><a href=\"https:\/\/miinventariopersonal.com\/es\/wp-content\/uploads\/version_info_1.9_ES.pdf\" data-type=\"attachment\" data-id=\"840\">Novedades de la versi\u00f3n 1.9<\/a><\/li>\n\n\n\n<li><a href=\"https:\/\/miinventariopersonal.com\/es\/wp-content\/uploads\/version_info_1.8.19_ES.pdf\" data-type=\"attachment\" data-id=\"827\">Novedades de la versi\u00f3n 1.8.19<\/a><\/li>\n\n\n\n<li><a href=\"https:\/\/miinventariopersonal.com\/es\/wp-content\/uploads\/version_info_1.8.18_ES.pdf\" data-type=\"attachment\" data-id=\"816\">Novedades de la versi\u00f3n 1.8.18<\/a><\/li>\n\n\n\n<li><a href=\"https:\/\/miinventariopersonal.com\/es\/wp-content\/uploads\/version_info_1.8.17_ES.pdf\" data-type=\"attachment\" data-id=\"802\">Novedades de la versi\u00f3n 1.8.17<\/a><\/li>\n\n\n\n<li><a href=\"https:\/\/miinventariopersonal.com\/es\/wp-content\/uploads\/version_info_1.8.16_ES.pdf\" data-type=\"attachment\" data-id=\"791\">Novedades de la versi\u00f3n 1.8.16<\/a><\/li>\n\n\n\n<li><a href=\"https:\/\/miinventariopersonal.com\/es\/wp-content\/uploads\/version_info_1.8.15_ES.pdf\" data-type=\"attachment\" data-id=\"780\">Novedades de la versi\u00f3n 1.8.15<\/a><\/li>\n\n\n\n<li><a href=\"https:\/\/miinventariopersonal.com\/es\/wp-content\/uploads\/version_info_1.8.14_ES.pdf\" data-type=\"attachment\" data-id=\"773\">Novedades de la versi\u00f3n 1.8.14<\/a><\/li>\n\n\n\n<li><a href=\"https:\/\/miinventariopersonal.com\/es\/wp-content\/uploads\/2025\/07\/version_info_1.8.13_ES.pdf\" data-type=\"attachment\" data-id=\"756\">Novedades de la versi\u00f3n 1.8.13<\/a><\/li>\n\n\n\n<li><a href=\"https:\/\/miinventariopersonal.com\/es\/wp-content\/uploads\/2025\/05\/version_info_1.8.12_ES.pdf\" data-type=\"attachment\" data-id=\"742\">Novedades de la versi\u00f3n 1.8.12<\/a><\/li>\n\n\n\n<li><a href=\"https:\/\/miinventariopersonal.com\/es\/wp-content\/uploads\/2025\/04\/version_info_1.8.11_ES.pdf\" data-type=\"attachment\" data-id=\"732\">Novedades de la versi\u00f3n 1.8.11<\/a><\/li>\n\n\n\n<li><a href=\"https:\/\/miinventariopersonal.com\/es\/wp-content\/uploads\/2025\/04\/version_info_1.8.10_ES.pdf\" data-type=\"attachment\" data-id=\"723\">Novedades de la versi\u00f3n 1.8.10<\/a><\/li>\n\n\n\n<li><a href=\"https:\/\/miinventariopersonal.com\/es\/wp-content\/uploads\/2025\/02\/version_info_1.8.9_ES.pdf\" data-type=\"attachment\" data-id=\"704\">Novedades de la versi\u00f3n 1.8.9<\/a><\/li>\n\n\n\n<li><a href=\"https:\/\/miinventariopersonal.com\/es\/wp-content\/uploads\/2025\/01\/version_info_1.8.8_ES.pdf\" data-type=\"attachment\" data-id=\"697\">Novedades de la versi\u00f3n 1.8.8<\/a><\/li>\n\n\n\n<li><a href=\"https:\/\/miinventariopersonal.com\/es\/wp-content\/uploads\/2024\/12\/version_info_1.8.7_ES.pdf\" data-type=\"attachment\" data-id=\"668\">Novedades de la versi\u00f3n 1.8.7<\/a><\/li>\n\n\n\n<li><a href=\"https:\/\/miinventariopersonal.com\/es\/wp-content\/uploads\/2024\/11\/version_info_1.8.6_ES.pdf\" data-type=\"attachment\" data-id=\"638\">Novedades de la versi\u00f3n 1.8.6<\/a><\/li>\n\n\n\n<li><a href=\"https:\/\/miinventariopersonal.com\/es\/wp-content\/uploads\/2024\/10\/version_info_1.8.5_ES.pdf\" data-type=\"attachment\" data-id=\"628\">Novedades de la versi\u00f3n 1.8.5<\/a><\/li>\n\n\n\n<li><a href=\"https:\/\/miinventariopersonal.com\/es\/wp-content\/uploads\/2024\/09\/version_info_1.8.4_ES.pdf\" data-type=\"attachment\" data-id=\"613\">Novedades de la versi\u00f3n 1.8.4<\/a><\/li>\n\n\n\n<li><a href=\"https:\/\/miinventariopersonal.com\/es\/wp-content\/uploads\/2024\/09\/version_info_1.8.3_ES.pdf\" data-type=\"attachment\" data-id=\"603\">Novedades de la versi\u00f3n 1.8.3<\/a><\/li>\n\n\n\n<li><a href=\"https:\/\/miinventariopersonal.com\/es\/wp-content\/uploads\/2024\/08\/version_info_1.8.2_ES.pdf\" data-type=\"attachment\" data-id=\"593\">Novedades de la versi\u00f3n 1.8.2<\/a><\/li>\n\n\n\n<li><a href=\"https:\/\/miinventariopersonal.com\/es\/wp-content\/uploads\/2024\/07\/version_info_1.8.1_ES.pdf\" data-type=\"attachment\" data-id=\"579\">Novedades de la versi\u00f3n 1.8.1<\/a><\/li>\n\n\n\n<li><a href=\"https:\/\/miinventariopersonal.com\/es\/wp-content\/uploads\/2024\/07\/version_info_1.8_ES.pdf\" data-type=\"attachment\" data-id=\"572\">Novedades de la versi\u00f3n 1.8<\/a><\/li>\n\n\n\n<li><a href=\"https:\/\/miinventariopersonal.com\/es\/wp-content\/uploads\/2024\/05\/version_info_1.7_ES.pdf\" data-type=\"attachment\" data-id=\"553\">Novedades de la versi\u00f3n 1.7<\/a><\/li>\n<\/ul>\n","protected":false},"excerpt":{"rendered":"<p>Documentaci\u00f3n disponible de la aplicaci\u00f3n En esta p\u00e1gina encontrar\u00e1 documentaci\u00f3n disponible de la aplicaci\u00f3n: Informaci\u00f3n resumida de actualizaciones:<\/p>\n","protected":false},"author":1,"featured_media":0,"parent":0,"menu_order":0,"comment_status":"closed","ping_status":"closed","template":"","meta":{"site-sidebar-layout":"default","site-content-layout":"","ast-site-content-layout":"default","site-content-style":"default","site-sidebar-style":"default","ast-global-header-display":"","ast-banner-title-visibility":"","ast-main-header-display":"","ast-hfb-above-header-display":"","ast-hfb-below-header-display":"","ast-hfb-mobile-header-display":"","site-post-title":"disabled","ast-breadcrumbs-content":"","ast-featured-img":"","footer-sml-layout":"","ast-disable-related-posts":"","theme-transparent-header-meta":"","adv-header-id-meta":"","stick-header-meta":"","header-above-stick-meta":"","header-main-stick-meta":"","header-below-stick-meta":"","astra-migrate-meta-layouts":"set","ast-page-background-enabled":"default","ast-page-background-meta":{"desktop":{"background-color":"var(--ast-global-color-4)","background-image":"","background-repeat":"repeat","background-position":"center center","background-size":"auto","background-attachment":"scroll","background-type":"","background-media":"","overlay-type":"","overlay-color":"","overlay-opacity":"","overlay-gradient":""},"tablet":{"background-color":"","background-image":"","background-repeat":"repeat","background-position":"center center","background-size":"auto","background-attachment":"scroll","background-type":"","background-media":"","overlay-type":"","overlay-color":"","overlay-opacity":"","overlay-gradient":""},"mobile":{"background-color":"","background-image":"","background-repeat":"repeat","background-position":"center center","background-size":"auto","background-attachment":"scroll","background-type":"","background-media":"","overlay-type":"","overlay-color":"","overlay-opacity":"","overlay-gradient":""}},"ast-content-background-meta":{"desktop":{"background-color":"var(--ast-global-color-5)","background-image":"","background-repeat":"repeat","background-position":"center center","background-size":"auto","background-attachment":"scroll","background-type":"","background-media":"","overlay-type":"","overlay-color":"","overlay-opacity":"","overlay-gradient":""},"tablet":{"background-color":"var(--ast-global-color-5)","background-image":"","background-repeat":"repeat","background-position":"center center","background-size":"auto","background-attachment":"scroll","background-type":"","background-media":"","overlay-type":"","overlay-color":"","overlay-opacity":"","overlay-gradient":""},"mobile":{"background-color":"var(--ast-global-color-5)","background-image":"","background-repeat":"repeat","background-position":"center center","background-size":"auto","background-attachment":"scroll","background-type":"","background-media":"","overlay-type":"","overlay-color":"","overlay-opacity":"","overlay-gradient":""}},"footnotes":""},"class_list":["post-104","page","type-page","status-publish","hentry"],"_links":{"self":[{"href":"https:\/\/miinventariopersonal.com\/es\/index.php\/wp-json\/wp\/v2\/pages\/104","targetHints":{"allow":["GET"]}}],"collection":[{"href":"https:\/\/miinventariopersonal.com\/es\/index.php\/wp-json\/wp\/v2\/pages"}],"about":[{"href":"https:\/\/miinventariopersonal.com\/es\/index.php\/wp-json\/wp\/v2\/types\/page"}],"author":[{"embeddable":true,"href":"https:\/\/miinventariopersonal.com\/es\/index.php\/wp-json\/wp\/v2\/users\/1"}],"replies":[{"embeddable":true,"href":"https:\/\/miinventariopersonal.com\/es\/index.php\/wp-json\/wp\/v2\/comments?post=104"}],"version-history":[{"count":96,"href":"https:\/\/miinventariopersonal.com\/es\/index.php\/wp-json\/wp\/v2\/pages\/104\/revisions"}],"predecessor-version":[{"id":841,"href":"https:\/\/miinventariopersonal.com\/es\/index.php\/wp-json\/wp\/v2\/pages\/104\/revisions\/841"}],"wp:attachment":[{"href":"https:\/\/miinventariopersonal.com\/es\/index.php\/wp-json\/wp\/v2\/media?parent=104"}],"curies":[{"name":"wp","href":"https:\/\/api.w.org\/{rel}","templated":true}]}}