{"id":105,"date":"2022-02-15T08:09:09","date_gmt":"2022-02-15T07:09:09","guid":{"rendered":"https:\/\/miinventariopersonal.com\/es\/?page_id=105"},"modified":"2026-04-12T19:12:41","modified_gmt":"2026-04-12T17:12:41","slug":"backlog","status":"publish","type":"page","link":"https:\/\/miinventariopersonal.com\/es\/index.php\/backlog\/","title":{"rendered":"Backlog"},"content":{"rendered":"\n<h1 class=\"wp-block-heading\" id=\"backlog\">Backlog<\/h1>\n\n\n\n<p>En esta p\u00e1gina encontrar\u00e1 todos los nuevos requisitos que vienen de comentarios\/<a href=\"https:\/\/miinventariopersonal.com\/es\/index.php\/sus-ideas\/\" data-type=\"page\" data-id=\"381\">peticiones de usuarios<\/a>. Adem\u00e1s se indica el estado con respecto al an\u00e1lisis funcional, la evaluaci\u00f3n, as\u00ed como la implementaci\u00f3n de la nueva funcionalidad.<\/p>\n\n\n\n<p>Si tiene alguna solicitud de nuevas funciones o cambios en las funciones existentes, puede usar nuestro <a href=\"https:\/\/miinventariopersonal.com\/es\/index.php\/sus-ideas\" data-type=\"link\" data-id=\"https:\/\/miinventariopersonal.com\/es\/index.php\/sus-ideas\">formulario de idea de mejora<\/a> o enviar un correo electr\u00f3nico con una descripci\u00f3n de sus requisitos a: <a href=\"mailto:miinventario@thomaskoslowsky.com\">miinventario@thomaskoslowsky.com<\/a><\/p>\n\n\n\n<h2 class=\"wp-block-heading\" id=\"peticiones-actuales\">Peticiones actuales (\u00faltimas primero):<\/h2>\n\n\n\n<figure class=\"wp-block-table is-style-stripes has-small-font-size\"><table class=\"has-border-color has-black-border-color\"><thead><tr><th class=\"has-text-align-center\" data-align=\"center\">N\u00ba<\/th><th>Petici\u00f3n\/Tema<\/th><th>Tipo de petici\u00f3n (nueva funcionalidad, cambio\/mejora, correcci\u00f3n<strong>)<\/strong><\/th><th>Estatus<br>(an\u00e1lisis\/evaluaci\u00f3n\/dise\u00f1o\/desarrollo\/prueba)<\/th><th>Planificado para la versi\u00f3n (Fecha de lanzamiento)<\/th><\/tr><\/thead><tbody><tr><td class=\"has-text-align-center\" data-align=\"center\">50<\/td><td>Nuevo: <strong>Opci\u00f3n de sincronizaci\u00f3n WebDAV<\/strong>. Nuevo: <strong>Limitar el tama\u00f1o de los archivos de imagen<\/strong>.<\/td><td>Nueva y mejorada funcionalidad<\/td><td>Pruebas finales<\/td><td>1.9 (19\/04\/2026)<\/td><\/tr><tr><td class=\"has-text-align-center\" data-align=\"center\">49<\/td><td>Nuevo: <strong>Checkout de art\u00edculos (Venta\/Donaci\u00f3n)<\/strong><\/td><td>Nueva y mejorada funcionalidad<\/td><td>Publicado, disponible en Play Store<\/td><td>1.8.19 (21\/02\/2026)<\/td><\/tr><tr><td class=\"has-text-align-center\" data-align=\"center\">48<\/td><td>Nuevo: <strong>Lector de c\u00f3digos de barras recupera opcionalmente datos de Google Books<sup>TM<\/sup> o Open Food Facts<\/strong>. Nuevo: <strong>Colores de las categor\u00edas se muestran en la lista de art\u00edculos. <\/strong>Nuevo: <strong>se pueden administrar los destinatarios de los art\u00edculos.<\/strong><\/td><td>Nueva y mejorada funcionalidad<\/td><td>Publicado, disponible en Play Store<\/td><td>1.8.18 (20\/12\/2025)<\/td><\/tr><tr><td class=\"has-text-align-center\" data-align=\"center\">47<\/td><td>Nuevo: <strong>Advertencias de caducidad configurables para cada categor\u00eda<\/strong>. Mejorado: <strong>la b\u00fasqueda global incluye art\u00edculos archivados, prestados y de la lista de compras. <\/strong>Nuevo: <strong>puede agregar una nota a los elementos archivados<\/strong>. Mejorado: <strong>la lista de elementos archivados incluye un campo de edad<\/strong>.<\/td><td>Nueva y mejorada funcionalidad <\/td><td>Publicado, disponible en Play Store<\/td><td>1.8.17 (16\/11\/2025)<\/td><\/tr><tr><td class=\"has-text-align-center\" data-align=\"center\">46<\/td><td>Nuevo: Ahora se puede <strong>configurar el aviso sobre el stock m\u00ednimo y m\u00e1ximo para cada art\u00edculo<\/strong>. Nuevo: Ahora <strong>se pueden archivar art\u00edculos<\/strong>. Nuevo: <strong>Vista previa de los art\u00edculos incluidos en un subinventario (vista de acorde\u00f3n) en la lista de art\u00edculos<\/strong>.<\/td><td>Nueva funcionalidad<\/td><td>Publicado, disponible en Play Store<\/td><td>1.8.16 (02\/11\/2025)<\/td><\/tr><tr><td class=\"has-text-align-center\" data-align=\"center\">45<\/td><td>Nuevo: la <strong>salida y devoluci\u00f3n de art\u00edculos prestados puede actualizar el stock<\/strong>. Mejorado: se pueden usar <strong>hasta 10 campos propios por inventario<\/strong>.<\/td><td>Nueva funcionalidad<\/td><td>Publicado, disponible en Play Store<\/td><td>1.8.15 (07\/10\/2025)<\/td><\/tr><tr><td class=\"has-text-align-center\" data-align=\"center\">44<\/td><td>Nuevo: Se pueden <strong>asignar varias categor\u00edas a cada art\u00edculo<\/strong>. Nuevo: <strong>Copias de seguridad locales automatizadas<\/strong>. Nuevo: <strong>Pesta\u00f1a \u00abHistorial de pr\u00e9stamos\u00bb en el modo de edici\u00f3n de art\u00edculos<\/strong>.<\/td><td>Nueva funcionalidad<\/td><td>Publicado, disponible en Play Store<\/td><td>1.8.14 (09\/09\/2025)<\/td><\/tr><tr><td class=\"has-text-align-center\" data-align=\"center\">43<\/td><td>Nuevo: <strong>Art\u00edculos prestados<\/strong>. Mejorado: Varias correcciones y mejoras.<\/td><td>Nueva funcionalidad, correcci\u00f3n<\/td><td>Publicado, disponible en Play Store<\/td><td>1.8.13 (19\/07\/2025)<\/td><\/tr><tr><td class=\"has-text-align-center\" data-align=\"center\">42<\/td><td>Nuevo: <strong>Opci\u00f3n de utilizar una aplicaci\u00f3n de galer\u00eda existente para agregar im\u00e1genes a los art\u00edculos.<\/strong><\/td><td>Nueva funcionalidad<\/td><td>Publicado, disponible en Play Store<\/td><td>1.8.12 (01\/05\/2025)<\/td><\/tr><tr><td class=\"has-text-align-center\" data-align=\"center\">41<\/td><td>Nuevo: <strong>Backup &amp; restaurauraci\u00f3n<\/strong> usando ficheros <strong>Zip<\/strong>. Nuevo: <strong>Notificaciones sobre stock y art\u00edculos caducados.<\/strong><\/td><td>Nueva funcionalidad<\/td><td>Publicado, disponible en Play Store<\/td><td>1.8.11 (26\/04\/2025)<\/td><\/tr><tr><td class=\"has-text-align-center\" data-align=\"center\">40<\/td><td>Nuevo: Puede <strong>configurar qu\u00e9 datos se mostrar\u00e1n en la vista de galer\u00eda<\/strong>. Nuevo: <strong>guarde y restaure sus ajustes de filtros, agrupaci\u00f3n y ordenaci\u00f3n<\/strong>. Mejorado: Varias correcciones y mejoras.<\/td><td>Nueva funcionalidad<\/td><td>Publicado, disponible en Play Store<\/td><td>1.8.10 (12\/04\/2025)<\/td><\/tr><tr><td class=\"has-text-align-center\" data-align=\"center\">39<\/td><td>Nuevo: <strong>nuevo campo de datos &#8216;stock m\u00e1x.&#8217;<\/strong> para art\u00edculos. Mejora: <strong>zoom inicial en edici\u00f3n de im\u00e1genes<\/strong>.<\/td><td>Nueva funcionalidad<\/td><td>Publicado, disponible en Play Store<\/td><td>1.8.9 (23\/02\/2025)<\/td><\/tr><tr><td class=\"has-text-align-center\" data-align=\"center\">38<\/td><td>Versi\u00f3n de mantenimiento con <strong>correcciones de errores y mejoras menores<\/strong>.<\/td><td>Corecci\u00f3n<\/td><td>Publicado, disponible en Play Store<\/td><td>1.8.8 (19\/01\/2025)<\/td><\/tr><tr><td class=\"has-text-align-center\" data-align=\"center\">37<\/td><td>Nuevo: Permite <strong>recortar y girar im\u00e1genes<\/strong> de art\u00edculos y tras tomarlas con la c\u00e1mara. Nuevo: <strong>Soporte de Nextcloud<\/strong> para realizar Backups<\/td><td>Nueva funcionalidad<\/td><td>Publicado, disponible en Play Store<\/td><td>1.8.7 (08\/12\/2024)<\/td><\/tr><tr><td class=\"has-text-align-center\" data-align=\"center\">36<\/td><td>Nuevo: <strong>los campos de datos personalizados ahora tambi\u00e9n admiten el tipo de interruptor de encendido\/apagado<\/strong>. Correcci\u00f3n de errores: exportar sus propios campos de datos.<\/td><td>Nueva funcionalidad, correcci\u00f3n<\/td><td>Publicado, disponible en Play Store<\/td><td>1.8.6 (12\/11\/2024)<\/td><\/tr><tr><td class=\"has-text-align-center\" data-align=\"center\">35<\/td><td>Nuevo: <strong>Campos pr\u00f3pios se pueden utilizar para agrupar. <\/strong>Cambio: <strong>\u00abTipo de inventario\u00bb ha sido reemplazado por una configuraci\u00f3n individual de los campos est\u00e1ndar<\/strong>. Cambio: <strong>La hoja de art\u00edculos y la exportaci\u00f3n a Excel solo contienen campos de datos activos<\/strong>.<\/td><td>Nueva funcionalidad, cambio<\/td><td>Publicado, disponible en Play Store<\/td><td>1.8.5 (06\/10\/2024)<\/td><\/tr><tr><td class=\"has-text-align-center\" data-align=\"center\">34<\/td><td>Mejorado: <strong>Estadistica incluye un sumatorio<\/strong>. Mejorado: Puede <strong>copiar(duplicar) un articulo <\/strong>al mismo inventario. Mejorado: En los <strong>par\u00e1metros de filtro puede usar el lector de c\u00f3digos de barra<\/strong>. Mejorado: <strong>Ordenar seg\u00fan sus propios campos de datos<\/strong>. Mejorado: <strong>b\u00fasqueda de inventarios al copiar\/mover art\u00edculos<\/strong>.<\/td><td>Mejoras<\/td><td>Publicado, disponible en Play Store<\/td><td>1.8.4 (22\/09\/2024)<\/td><\/tr><tr><td class=\"has-text-align-center\" data-align=\"center\">33<\/td><td>Nuevo: <strong>Campo de c\u00f3digo de barras para inventarios. Im\u00e1genes para art\u00edculos de lista de compras.<\/strong> Mejorado: varias correcciones y mejoras.<\/td><td>Nueva funcionalidad<\/td><td>Publicado, disponible en Play Store<\/td><td>1.8.3 (01\/09\/2024)<\/td><\/tr><tr><td class=\"has-text-align-center\" data-align=\"center\">32<\/td><td>Nuevo: <strong>Directorio de Backup\/Restore seleccionable. <\/strong>Mejorado: Varias correcciones.<\/td><td>Nueva funcionalidad<\/td><td>Publicado, disponible en Play Store<\/td><td>1.8.2 (25\/08\/2024)<\/td><\/tr><tr><td class=\"has-text-align-center\" data-align=\"center\">31<\/td><td>Renovada <strong>funci\u00f3n de estad\u00edsticas, vista previa para ficheros pdf<\/strong><\/td><td>Cambio\/nueva funcionalidad<\/td><td>Publicado, disponible en Play Store<\/td><td>1.8.1 (20\/07\/2024)<\/td><\/tr><tr><td class=\"has-text-align-center\" data-align=\"center\">30<\/td><td>&#8211;<strong>Importar <\/strong>art\u00edculos desde una plantilla de Excel.<br>-Los inventarios pueden contener <strong>inventarios secundarios<\/strong>.<\/td><td>Nueva funcionalidad<\/td><td>Publicado, disponible en Play Store<\/td><td>1.8 (07\/07\/2024)<\/td><\/tr><tr><td class=\"has-text-align-center\" data-align=\"center\">29<\/td><td>A\u00f1ade hasta 3 <strong>campos de datos propios<\/strong> a un inventario.<\/td><td>Nueva funcionalidad<\/td><td>Publicado, disponible en Play Store<\/td><td>1.7 (01\/06\/2024)<\/td><\/tr><tr><td class=\"has-text-align-center\" data-align=\"center\">28<\/td><td>Corecci\u00f3n: Fallo de aplicaci\u00f3n en algunos versiones de Android 9. Mejordado: Parametros de filtros. Mejorado: correcciones menores.<\/td><td>Cambio\/Correcci\u00f3n<\/td><td>Publicado, disponible en Play Store<\/td><td>1.6.4 (17\/05\/2024)<\/td><\/tr><tr><td class=\"has-text-align-center\" data-align=\"center\">27<\/td><td>Nuevo: <strong>opci\u00f3n de agrupaci\u00f3n en la lista de art\u00edculos. Exportaci\u00f3n a Excel puede incluir la exportaci\u00f3n de los documentos relacionados. Se puede ajustar el intervalo de backup<\/strong>. Mejorado: mejoras y correcciones de errores menores.<\/td><td>Nueva funcionalidad<\/td><td>Publicado, disponible en Play Store<\/td><td>1.6.3 (12\/05\/2024)<\/td><\/tr><tr><td class=\"has-text-align-center\" data-align=\"center\">26<\/td><td>Nuevo: <strong>reciba datos de texto de otras aplicaciones. Recibir datos de art\u00edculos compartidos desde la aplicaci\u00f3n de Amazon<\/strong>. Actualizado: Criterios de clasificaci\u00f3n en la lista de elementos. Ahora tambi\u00e9n se puede ordenar por cantidad. Mejorado: mejoras y correcciones de errores menores.<\/td><td>Nueva funcionalidad<\/td><td>Publicado, disponible en Play Store<\/td><td>1.6.2 (04\/05\/2024)<\/td><\/tr><tr><td class=\"has-text-align-center\" data-align=\"center\">25<\/td><td>Nuevo: <strong>Precios de art\u00edculos de la lista de compras<\/strong>. Nuevo: el <strong>ID de art\u00edculo con prefijo opcional<\/strong> ya est\u00e1 disponible. Nuevo: <strong>Hoja de art\u00edculos para mostrar art\u00edculos<\/strong>. Mejorado: mejoras y correcciones de errores menores<\/td><td>Nueva funcionalidad<\/td><td>Publicado, disponible en Play Store<\/td><td>1.6.1 (21\/04\/2024)<\/td><\/tr><tr><td class=\"has-text-align-center\" data-align=\"center\">24<\/td><td>Nuevo: Se pueden crear y gestionar <strong>listas de compras<\/strong>. Nuevo: <strong>barra de navegaci\u00f3n en la lista de art\u00edculos<\/strong>. Mejorado: <strong>rendimiento de la aplicaci\u00f3n<\/strong>.<\/td><td>Nueva funcionalidad<\/td><td>Publicado, disponible en Play Store<\/td><td>1.6 (14\/04\/2024)<\/td><\/tr><tr><td class=\"has-text-align-center\" data-align=\"center\">23<\/td><td><strong>Dise\u00f1o adicional para la lista de art\u00edculos con botones +\/-<\/strong> para cambiar el n\u00ba de stock. Funciones de <strong>filtrado avanzadas para la lista de art\u00edculos<\/strong>. Funci\u00f3n de <strong>filtro en la vista de galer\u00eda<\/strong>. Nueva <strong>opci\u00f3n para establecer el nivel m\u00ednimo de advertencia de stock m\u00ednimo<\/strong>.<\/td><td>Nueva funcionalidad<\/td><td>Publicado, disponible en Play Store<\/td><td>1.5.7 (17\/03\/2024)<\/td><\/tr><tr><td class=\"has-text-align-center\" data-align=\"center\">22<\/td><td>Nuevo: <strong>Campos de datos adicionales: categor\u00eda de art\u00edculo y stock m\u00ednimo<\/strong>. Nuevo: <strong>Configuraci\u00f3n de los campos de datos mostrados (tipo de inventario)<\/strong>. Nuevo: <strong>criterios de filtrado para b\u00fasqueda global<\/strong>. Actualizado: <strong>compatibilidad con WebDav para \u00abself signed certificates\u00bb<\/strong>. Mejorado: correcciones menores.<\/td><td>Nueva funcionalidad<\/td><td>Publicado, disponible en Play Store<\/td><td>1.5.6 (10\/03\/2024)<\/td><\/tr><tr><td class=\"has-text-align-center\" data-align=\"center\">21<\/td><td>Nuevo: <strong>Soporte de WebDAV para copia de seguridad\/restauraci\u00f3n<\/strong> de datos. Actualizado: vista de galer\u00eda y lista de art\u00edculos. Mejorado: correcciones menores.<\/td><td>Nueva funcionalidad<\/td><td>Publicado, disponible en Play Store<\/td><td>1.5.5 (01\/03\/2024)<\/td><\/tr><tr><td class=\"has-text-align-center\" data-align=\"center\">20<\/td><td>Nuevo: <strong>Barra de acci\u00f3n para acceso r\u00e1pido al lector de c\u00f3digos de barras, la b\u00fasqueda global y la captura de fotos<\/strong>. Actualizado: Lector de c\u00f3digos de barras con funciones ampliadas. Mejorado: correcciones menores.<\/td><td>Nueva funcionalidad<\/td><td>Publicado, disponible en Play Store<\/td><td>1.5.4 (11\/02\/2024)<\/td><\/tr><tr><td class=\"has-text-align-center\" data-align=\"center\">19<\/td><td>Nuevo: <strong>Vista de galer\u00eda para inventarios y art\u00edculos<\/strong>. Actualizado: <strong>Compartir art\u00edculos ahora incluye texto e im\u00e1genes y se puede personalizar en las opciones<\/strong>. Mejorado: correcciones menores.<\/td><td>Nueva funcionalidad<\/td><td>Publicado, disponible en Play Store<\/td><td>1.5.3 (28\/01\/2024)<\/td><\/tr><tr><td class=\"has-text-align-center\" data-align=\"center\">18<\/td><td>Nuevo: <strong>Fecha creaci\u00f3n y modificaci\u00f3n para iventarios y art\u00edculos<\/strong>. Nuevo: <strong>Clasificaci\u00f3n y marcador de art\u00edculos<\/strong>. Varias mejoras menores.<\/td><td>Nueva funcionalidad<\/td><td>Publicado, disponible en Play Store<\/td><td>1.5.2 (14\/01\/2024)<\/td><\/tr><tr><td class=\"has-text-align-center\" data-align=\"center\">17<\/td><td>Nuevo: a\u00f1ade la posibilidad de cambiar las vinculaciones de art\u00edculos con varios inventarios directamente en la edici\u00f3n del art\u00edculo. Adem\u00e1s se ha incluido informaci\u00f3n sobre el stock disponible, la fecha de expiraci\u00f3n y la ubicaci\u00f3n en la vista est\u00e1ndar de la lista de inventarios.<\/td><td>Nueva funcionalidad<\/td><td>Publicado, disponible en Play Store<\/td><td>1.5.1 (02\/12\/2023)<\/td><\/tr><tr><td class=\"has-text-align-center\" data-align=\"center\">16<\/td><td>Nuevo: crear y gestionar <strong>grupos de inventarios<\/strong>. <\/td><td>Nueva funcionalidad<\/td><td>Publicado, disponible en Play Store<\/td><td>1.5 (12\/11\/2023)<\/td><\/tr><tr><td class=\"has-text-align-center\" data-align=\"center\">15<\/td><td>Nuevo: la <strong>lista de inventarios a los que est\u00e1 vinculado un art\u00edculo ahora se puede mostrar directamente a trav\u00e9s de la vista de art\u00edculos<\/strong>. Correcciones y mejoras menores.<\/td><td>Nueva funcionalidad<\/td><td>Publicado, disponible en Play Store<\/td><td>1.4.1 (01\/10\/2023)<\/td><\/tr><tr><td class=\"has-text-align-center\" data-align=\"center\">14<\/td><td>\u00a1Lanzamiento de versi\u00f3n!<br>Nuevo: Funci\u00f3n de <strong>copia de seguridad\/restauraci\u00f3n renovada<\/strong>. Nuevo: Servicio de copia de seguridad para <strong>copias de seguridad automatizadas en segundo plano<\/strong>. Nuevo: Los <strong>art\u00edculos se pueden vincular a varios inventarios<\/strong>. Nuevo: <strong>men\u00fa en la lista de inventario<\/strong>. Mejorado: varias mejoras menores.<\/td><td>Nueva funcionalidad<\/td><td>Publicado, disponible en Play Store<\/td><td>1.4 (17\/09\/2023)<\/td><\/tr><tr><td class=\"has-text-align-center\" data-align=\"center\">13<\/td><td>Nuevo: <strong>Indicador de caducidad ahora tambi\u00e9n en la lista de inventarios<\/strong> para inventarios que contienen art\u00edculos caducados o casi caducados. Nuevo: <strong>Opci\u00f3n para establecer el n\u00famero de d\u00edas para el indicador de caducidad<\/strong>. Nuevo: <strong>se pueden seleccionar m\u00faltiples inventarios para estad\u00edsticas<\/strong>.<\/td><td>Nueva funcionalidad<\/td><td>Publicado, disponible en Play Store<\/td><td>1.3.14 (27\/07\/2023)<\/td><\/tr><tr><td class=\"has-text-align-center\" data-align=\"center\">12<\/td><td>Nuevo: a<strong>rt\u00edculos cerca de su fecha de caducidad y los art\u00edculos caducados se marcan en la lista de art\u00edculos.<\/strong> Nuevo: <strong>informaci\u00f3n sobre la \u00faltima copia de seguridad y la \u00faltima restauraci\u00f3n se muestra en la ventana de backup<\/strong>. Nuevo: <strong>ahora puede buscar en la ventana de selecci\u00f3n de im\u00e1genes de art\u00edculos existentes.<\/strong> Nuevo: <strong>opci\u00f3n para elegir el cliente de inicio de sesi\u00f3n para OneDrive y opci\u00f3n para elegir si solo se env\u00eda la imagen principal o todas las im\u00e1genes cuando se comparte un art\u00edculo.<\/strong><\/td><td>Nueva funcionalidad<\/td><td>Publicado, disponible en Play Store<\/td><td>1.3.13 (09\/07\/2023)<\/td><\/tr><tr><td class=\"has-text-align-center\" data-align=\"center\">11<\/td><td><strong>Compartir un art\u00edculo incluye ahora todas las im\u00e1genes<\/strong> del art\u00edculo. Mejorado: notas de voz. Nuevo: <strong>M\u00e1s opciones de ordenaci\u00f3n para la lista de art\u00edculos<\/strong>. Otras correcciones y mejoras menores.<\/td><td>Mantenimiento y Nueva funcionalidad<\/td><td>Publicado, disponible en Play Store<\/td><td>1.3.12 (02\/07\/2023)<\/td><\/tr><tr><td class=\"has-text-align-center\" data-align=\"center\">10<\/td><td><strong>Configuraci\u00f3n del nombre de la carpeta de copia de seguridad\/restauraci\u00f3n por parte del usuario. Nuevo formato adicional para la lista de art\u00edculos. Las notas de voz ahora se pueden grabar hasta por 5 minutos<\/strong>.<\/td><td>Nueva funcionalidad<\/td><td>Publicado, disponible en Play Store<\/td><td>1.3.11 (18\/06\/2023)<\/td><\/tr><tr><td class=\"has-text-align-center\" data-align=\"center\">9<\/td><td>Selecci\u00f3n de <strong>tipo de moneda para un art\u00edculos<\/strong>. Soporte para <strong>agregar notas de voz a los art\u00edculos<\/strong>. Opci\u00f3n de \u00abseleccionar todos\u00bb en la lista de art\u00edculos.<\/td><td>Nueva funcionalidad<\/td><td>Publicado, disponible en Play Store<\/td><td>1.3.10 (11\/06\/2023)<\/td><\/tr><tr><td class=\"has-text-align-center\" data-align=\"center\">8<\/td><td><strong>Lista simple para la lista de art\u00edculos<\/strong>. <strong>Notas para art\u00edculos<\/strong>. <strong>Lista de art\u00edculos ordenable<\/strong>. Busqueda global incluye opci\u00f3n para incluir documentos y notas en la b\u00fasqueda <\/td><td>Nueva funcionalidad<\/td><td>Publicado, disponible en Play Store<\/td><td>1.3.9 (28\/05\/2023)<\/td><\/tr><tr><td class=\"has-text-align-center\" data-align=\"center\">7<\/td><td><strong>Documentos con atributos ampliados y editables<\/strong>. <strong>Atributos adicionales para art\u00edculos<\/strong>. Comportamiento de desplazamiento mejorado en la vista de art\u00edculo.<\/td><td>Nueva funcionalidad<\/td><td>Publicado, disponible en Play Store<\/td><td>1.3.8 (14\/05\/2023)<\/td><\/tr><tr><td class=\"has-text-align-center\" data-align=\"center\">6<\/td><td><strong>Inicia la b\u00fasqueda mientras escribe<\/strong>, posibilidad de <strong>crear una \u00abhoja de art\u00edculos\u00bb<\/strong>, nueva <strong>opci\u00f3n para mostrar\/ocultar la cantidad de art\u00edculos<\/strong> en la vista de lista.<\/td><td>Nueva funcionalidad<\/td><td>Publicado, disponible en Play Store<\/td><td>1.3.7 (21\/04\/2023)<\/td><\/tr><tr><td class=\"has-text-align-center\" data-align=\"center\">5<\/td><td>Soporte para <strong>c\u00f3digos de barra y QR<\/strong>.<\/td><td>Nueva funcionalidad<\/td><td>Publicado, disponible en Play Store<\/td><td>1.3.3 (08\/01\/2023)<\/td><\/tr><tr><td class=\"has-text-align-center\" data-align=\"center\">4<\/td><td><strong>Busqueda global de art\u00edculos<\/strong>, en todos los inventarios y una funci\u00f3n de Estad\u00edstica<\/td><td>Nueva funcionalidad<\/td><td>Publicado, disponible en Play Store<\/td><td>1.3\/1.3.1\/1.3.2 (23\/12\/2022)<\/td><\/tr><tr><td class=\"has-text-align-center\" data-align=\"center\">3<\/td><td><strong>Recibir m\u00faltiples archivos desde otras aplicaciones a trav\u00e9s de \u00abcompartir\u00bb<\/strong> y buscar art\u00edculos durante la recepci\u00f3n<\/td><td>Nueva funcionalidad<\/td><td>Publicado, disponible en Play Store<\/td><td>1.2.9 (14\/12\/\/2022)<\/td><\/tr><tr><td class=\"has-text-align-center\" data-align=\"center\">2<\/td><td>Soporte para <strong>OneDrive(TM)<\/strong><\/td><td>Nueva funcionalidad<\/td><td>Publicado, disponible en Play Store<\/td><td>1.2.8 (04\/12\/2022)<\/td><\/tr><tr><td class=\"has-text-align-center\" data-align=\"center\">1<\/td><td><strong>Export de los Inventarios y sus art\u00edculos a Excel<\/strong><\/td><td>Nueva funcionalidad<\/td><td>Publicado, disponible en Play Store<\/td><td>1.2.7 (16\/11\/2022)<\/td><\/tr><\/tbody><\/table><\/figure>\n","protected":false},"excerpt":{"rendered":"<p>Backlog En esta p\u00e1gina encontrar\u00e1 todos los nuevos requisitos que vienen de comentarios\/peticiones de usuarios. Adem\u00e1s se indica el estado con respecto al an\u00e1lisis funcional, la evaluaci\u00f3n, as\u00ed como la implementaci\u00f3n de la nueva funcionalidad. Si tiene alguna solicitud de nuevas funciones o cambios en las funciones existentes, puede usar nuestro formulario de idea de [&hellip;]<\/p>\n","protected":false},"author":1,"featured_media":0,"parent":0,"menu_order":0,"comment_status":"closed","ping_status":"closed","template":"","meta":{"site-sidebar-layout":"default","site-content-layout":"","ast-site-content-layout":"default","site-content-style":"default","site-sidebar-style":"default","ast-global-header-display":"","ast-banner-title-visibility":"","ast-main-header-display":"","ast-hfb-above-header-display":"","ast-hfb-below-header-display":"","ast-hfb-mobile-header-display":"","site-post-title":"disabled","ast-breadcrumbs-content":"","ast-featured-img":"","footer-sml-layout":"","ast-disable-related-posts":"","theme-transparent-header-meta":"","adv-header-id-meta":"","stick-header-meta":"","header-above-stick-meta":"","header-main-stick-meta":"","header-below-stick-meta":"","astra-migrate-meta-layouts":"set","ast-page-background-enabled":"default","ast-page-background-meta":{"desktop":{"background-color":"var(--ast-global-color-4)","background-image":"","background-repeat":"repeat","background-position":"center center","background-size":"auto","background-attachment":"scroll","background-type":"","background-media":"","overlay-type":"","overlay-color":"","overlay-opacity":"","overlay-gradient":""},"tablet":{"background-color":"","background-image":"","background-repeat":"repeat","background-position":"center center","background-size":"auto","background-attachment":"scroll","background-type":"","background-media":"","overlay-type":"","overlay-color":"","overlay-opacity":"","overlay-gradient":""},"mobile":{"background-color":"","background-image":"","background-repeat":"repeat","background-position":"center center","background-size":"auto","background-attachment":"scroll","background-type":"","background-media":"","overlay-type":"","overlay-color":"","overlay-opacity":"","overlay-gradient":""}},"ast-content-background-meta":{"desktop":{"background-color":"var(--ast-global-color-5)","background-image":"","background-repeat":"repeat","background-position":"center center","background-size":"auto","background-attachment":"scroll","background-type":"","background-media":"","overlay-type":"","overlay-color":"","overlay-opacity":"","overlay-gradient":""},"tablet":{"background-color":"var(--ast-global-color-5)","background-image":"","background-repeat":"repeat","background-position":"center center","background-size":"auto","background-attachment":"scroll","background-type":"","background-media":"","overlay-type":"","overlay-color":"","overlay-opacity":"","overlay-gradient":""},"mobile":{"background-color":"var(--ast-global-color-5)","background-image":"","background-repeat":"repeat","background-position":"center center","background-size":"auto","background-attachment":"scroll","background-type":"","background-media":"","overlay-type":"","overlay-color":"","overlay-opacity":"","overlay-gradient":""}},"footnotes":""},"class_list":["post-105","page","type-page","status-publish","hentry"],"_links":{"self":[{"href":"https:\/\/miinventariopersonal.com\/es\/index.php\/wp-json\/wp\/v2\/pages\/105","targetHints":{"allow":["GET"]}}],"collection":[{"href":"https:\/\/miinventariopersonal.com\/es\/index.php\/wp-json\/wp\/v2\/pages"}],"about":[{"href":"https:\/\/miinventariopersonal.com\/es\/index.php\/wp-json\/wp\/v2\/types\/page"}],"author":[{"embeddable":true,"href":"https:\/\/miinventariopersonal.com\/es\/index.php\/wp-json\/wp\/v2\/users\/1"}],"replies":[{"embeddable":true,"href":"https:\/\/miinventariopersonal.com\/es\/index.php\/wp-json\/wp\/v2\/comments?post=105"}],"version-history":[{"count":114,"href":"https:\/\/miinventariopersonal.com\/es\/index.php\/wp-json\/wp\/v2\/pages\/105\/revisions"}],"predecessor-version":[{"id":842,"href":"https:\/\/miinventariopersonal.com\/es\/index.php\/wp-json\/wp\/v2\/pages\/105\/revisions\/842"}],"wp:attachment":[{"href":"https:\/\/miinventariopersonal.com\/es\/index.php\/wp-json\/wp\/v2\/media?parent=105"}],"curies":[{"name":"wp","href":"https:\/\/api.w.org\/{rel}","templated":true}]}}