{"id":19,"date":"2022-01-31T13:37:28","date_gmt":"2022-01-31T12:37:28","guid":{"rendered":"https:\/\/miinventariopersonal.com\/es\/?page_id=19"},"modified":"2022-02-14T09:29:19","modified_gmt":"2022-02-14T08:29:19","slug":"nota-legal","status":"publish","type":"page","link":"https:\/\/miinventariopersonal.com\/es\/index.php\/nota-legal\/","title":{"rendered":"Nota Legal"},"content":{"rendered":"\n<h1 class=\"wp-block-heading\" id=\"nota-legal\">Nota Legal<\/h1>\n\n\n\n<p><strong>El Titular:<\/strong><\/p>\n\n\n\n<p>En cumplimiento del deber de informaci\u00f3n estipulado en el art\u00edculo 10 de la Ley 34\/2002 de 11 de julio de Servicios de la Sociedad de la Informaci\u00f3n y de Comercio Electr\u00f3nico, <strong><em>Thomas Koslowsky<\/em><\/strong>, en calidad de titular de:<\/p>\n\n\n\n<ul class=\"wp-block-list\"><li>el sitio web miinventariopersonal.com (a continuaci\u00f3n p\u00e1gina) y<\/li><li>y Autor de la aplicaci\u00f3n Android (R) \u00abMi inventario personal\u00bb (a continuaci\u00f3n \u00abapp\u00bb)<\/li><\/ul>\n\n\n\n<p>con domicilio en Av. Constituci\u00f3n, 88, c\u00f3digo postal 08860 a Castelldefels, Barcelona, direcci\u00f3n de correo electr\u00f3nico <a href=\"mailto:thomas@thomaskoslowsky.com\">thomas@thomaskoslowsky.com<\/a>, procede a comunicarles la presente informaci\u00f3n que conforma y regula las condiciones de uso de esta p\u00e1gina y de la app, las limitaciones de responsabilidad y las obligaciones que, los usuarios del sitio web que se publica bajo el nombre de dominio <strong><em>miinventariopersonal.com<\/em><\/strong> y de la <strong>aplicaci\u00f3n Android (R) \u00abMi inventario personal\u00bb<\/strong> asumen y se comprometen a respetar.<\/p>\n\n\n\n<p><strong>Contacto:<\/strong><\/p>\n\n\n\n<p>Tel\u00e9fono: +34 659 481 489<br>Correo electr\u00f3nico:&nbsp;<a href=\"mailto:thomas@thomaskoslowsky.com\">thomas@thomaskoslowsky.com<\/a><\/p>\n\n\n\n<p><strong><a href=\"https:\/\/miinventariopersonal.com\/es\/index.php\/condiciones-de-uso\/\" data-type=\"page\" data-id=\"41\">Detalle de las CONDICIONES DE USO<\/a><\/strong><\/p>\n","protected":false},"excerpt":{"rendered":"<p>Nota Legal El Titular: En cumplimiento del deber de informaci\u00f3n estipulado en el art\u00edculo 10 de la Ley 34\/2002 de 11 de julio de Servicios de la Sociedad de la Informaci\u00f3n y de Comercio Electr\u00f3nico, Thomas Koslowsky, en calidad de titular de: el sitio web miinventariopersonal.com (a continuaci\u00f3n p\u00e1gina) y y Autor de la aplicaci\u00f3n [&hellip;]<\/p>\n","protected":false},"author":1,"featured_media":0,"parent":0,"menu_order":0,"comment_status":"closed","ping_status":"closed","template":"","meta":{"site-sidebar-layout":"default","site-content-layout":"","ast-site-content-layout":"default","site-content-style":"default","site-sidebar-style":"default","ast-global-header-display":"","ast-banner-title-visibility":"","ast-main-header-display":"","ast-hfb-above-header-display":"","ast-hfb-below-header-display":"","ast-hfb-mobile-header-display":"","site-post-title":"disabled","ast-breadcrumbs-content":"","ast-featured-img":"","footer-sml-layout":"","ast-disable-related-posts":"","theme-transparent-header-meta":"","adv-header-id-meta":"","stick-header-meta":"","header-above-stick-meta":"","header-main-stick-meta":"","header-below-stick-meta":"","astra-migrate-meta-layouts":"default","ast-page-background-enabled":"default","ast-page-background-meta":{"desktop":{"background-color":"var(--ast-global-color-4)","background-image":"","background-repeat":"repeat","background-position":"center center","background-size":"auto","background-attachment":"scroll","background-type":"","background-media":"","overlay-type":"","overlay-color":"","overlay-opacity":"","overlay-gradient":""},"tablet":{"background-color":"","background-image":"","background-repeat":"repeat","background-position":"center center","background-size":"auto","background-attachment":"scroll","background-type":"","background-media":"","overlay-type":"","overlay-color":"","overlay-opacity":"","overlay-gradient":""},"mobile":{"background-color":"","background-image":"","background-repeat":"repeat","background-position":"center center","background-size":"auto","background-attachment":"scroll","background-type":"","background-media":"","overlay-type":"","overlay-color":"","overlay-opacity":"","overlay-gradient":""}},"ast-content-background-meta":{"desktop":{"background-color":"var(--ast-global-color-5)","background-image":"","background-repeat":"repeat","background-position":"center center","background-size":"auto","background-attachment":"scroll","background-type":"","background-media":"","overlay-type":"","overlay-color":"","overlay-opacity":"","overlay-gradient":""},"tablet":{"background-color":"var(--ast-global-color-5)","background-image":"","background-repeat":"repeat","background-position":"center center","background-size":"auto","background-attachment":"scroll","background-type":"","background-media":"","overlay-type":"","overlay-color":"","overlay-opacity":"","overlay-gradient":""},"mobile":{"background-color":"var(--ast-global-color-5)","background-image":"","background-repeat":"repeat","background-position":"center center","background-size":"auto","background-attachment":"scroll","background-type":"","background-media":"","overlay-type":"","overlay-color":"","overlay-opacity":"","overlay-gradient":""}},"footnotes":""},"class_list":["post-19","page","type-page","status-publish","hentry"],"_links":{"self":[{"href":"https:\/\/miinventariopersonal.com\/es\/index.php\/wp-json\/wp\/v2\/pages\/19","targetHints":{"allow":["GET"]}}],"collection":[{"href":"https:\/\/miinventariopersonal.com\/es\/index.php\/wp-json\/wp\/v2\/pages"}],"about":[{"href":"https:\/\/miinventariopersonal.com\/es\/index.php\/wp-json\/wp\/v2\/types\/page"}],"author":[{"embeddable":true,"href":"https:\/\/miinventariopersonal.com\/es\/index.php\/wp-json\/wp\/v2\/users\/1"}],"replies":[{"embeddable":true,"href":"https:\/\/miinventariopersonal.com\/es\/index.php\/wp-json\/wp\/v2\/comments?post=19"}],"version-history":[{"count":6,"href":"https:\/\/miinventariopersonal.com\/es\/index.php\/wp-json\/wp\/v2\/pages\/19\/revisions"}],"predecessor-version":[{"id":96,"href":"https:\/\/miinventariopersonal.com\/es\/index.php\/wp-json\/wp\/v2\/pages\/19\/revisions\/96"}],"wp:attachment":[{"href":"https:\/\/miinventariopersonal.com\/es\/index.php\/wp-json\/wp\/v2\/media?parent=19"}],"curies":[{"name":"wp","href":"https:\/\/api.w.org\/{rel}","templated":true}]}}