{"id":2,"date":"2022-01-30T11:22:50","date_gmt":"2022-01-30T11:22:50","guid":{"rendered":"https:\/\/miinventariopersonal.com\/es\/?page_id=2"},"modified":"2026-03-29T22:35:17","modified_gmt":"2026-03-29T20:35:17","slug":"sample-page","status":"publish","type":"page","link":"https:\/\/miinventariopersonal.com\/es\/","title":{"rendered":"Inicio"},"content":{"rendered":"\n<h1 class=\"wp-block-heading\" id=\"bienvenido-a-mi-inventario-personal\">Bienvenido a \u00abMi Inventario Personal\u00bb<\/h1>\n\n\n\n<h3 class=\"wp-block-heading\" id=\"siempre-ha-querido-crear-un-inventario-personal-pero-aun-no-ha-encontrado-una-herramienta-realmente-simple-para-hacerlo\">\u00bfSiempre ha querido crear un inventario personal, pero a\u00fan no ha encontrado una herramienta realmente simple para hacerlo?<\/h3>\n\n\n\n<p>Mantener un inventario personal puede ser importante por varias razones:<\/p>\n\n\n\n<ul class=\"wp-block-list\">\n<li><strong>Organizaci\u00f3n<\/strong>: mantener un inventario de sus posesiones, ya sea su ropa, libros o herramientas, puede ayudarlo a mantenerse organizado y realizar un seguimiento de lo que tiene. Esto puede evitar que compre accidentalmente duplicados de art\u00edculos que ya posee o que pierda el rastro de art\u00edculos que usa con poca frecuencia.<\/li>\n\n\n\n<li><strong>Prop\u00f3sitos del seguro<\/strong>: si sus pertenencias se da\u00f1an, se las roban o se pierden, tener un inventario puede ayudarlo a presentar un reclamo con su compa\u00f1\u00eda de seguros. Proporciona evidencia de lo que pose\u00eda y el valor de cada art\u00edculo, lo que puede ayudarlo a recibir una compensaci\u00f3n adecuada.<\/li>\n\n\n\n<li><strong>Planificaci\u00f3n patrimonial<\/strong>: si fallece, tener un inventario puede facilitar que sus seres queridos manejen su patrimonio. Puede ayudarlos a comprender qu\u00e9 pose\u00eda y c\u00f3mo distribuir sus posesiones de acuerdo con sus deseos.<\/li>\n\n\n\n<li><strong>Planificaci\u00f3n financiera<\/strong>: un inventario tambi\u00e9n puede ser \u00fatil para fines de planificaci\u00f3n financiera. Puede ayudarlo a comprender su patrimonio neto e identificar \u00e1reas en las que puede estar gastando de m\u00e1s o podr\u00eda reducir gastos.<\/li>\n<\/ul>\n\n\n\n<p>En general, mantener un inventario personal puede ayudarlo a mantenerse organizado, proteger sus posesiones y tomar decisiones informadas sobre sus finanzas.<\/p>\n\n\n\n<div class=\"wp-block-columns is-layout-flex wp-container-core-columns-is-layout-28f84493 wp-block-columns-is-layout-flex\">\n<div class=\"wp-block-column is-layout-flow wp-block-column-is-layout-flow\">\n<figure class=\"wp-block-gallery has-nested-images columns-default is-cropped wp-block-gallery-1 is-layout-flex wp-block-gallery-is-layout-flex\">\n<figure class=\"wp-block-image size-full\"><img loading=\"lazy\" decoding=\"async\" width=\"399\" height=\"815\" data-id=\"658\" src=\"https:\/\/miinventariopersonal.com\/es\/wp-content\/uploads\/2024\/11\/pantalla1.png\" alt=\"\" class=\"wp-image-658\" srcset=\"https:\/\/miinventariopersonal.com\/es\/wp-content\/uploads\/2024\/11\/pantalla1.png 399w, https:\/\/miinventariopersonal.com\/es\/wp-content\/uploads\/2024\/11\/pantalla1-147x300.png 147w\" sizes=\"auto, (max-width: 399px) 100vw, 399px\" \/><\/figure>\n\n\n\n<figure class=\"wp-block-image size-full\"><img loading=\"lazy\" decoding=\"async\" width=\"400\" height=\"815\" data-id=\"659\" src=\"https:\/\/miinventariopersonal.com\/es\/wp-content\/uploads\/2024\/11\/pantalla2.png\" alt=\"\" class=\"wp-image-659\" srcset=\"https:\/\/miinventariopersonal.com\/es\/wp-content\/uploads\/2024\/11\/pantalla2.png 400w, https:\/\/miinventariopersonal.com\/es\/wp-content\/uploads\/2024\/11\/pantalla2-147x300.png 147w\" sizes=\"auto, (max-width: 400px) 100vw, 400px\" \/><\/figure>\n\n\n\n<figure class=\"wp-block-image size-full\"><img loading=\"lazy\" decoding=\"async\" width=\"400\" height=\"815\" data-id=\"657\" src=\"https:\/\/miinventariopersonal.com\/es\/wp-content\/uploads\/2024\/11\/pantalla3.png\" alt=\"\" class=\"wp-image-657\" srcset=\"https:\/\/miinventariopersonal.com\/es\/wp-content\/uploads\/2024\/11\/pantalla3.png 400w, https:\/\/miinventariopersonal.com\/es\/wp-content\/uploads\/2024\/11\/pantalla3-147x300.png 147w\" sizes=\"auto, (max-width: 400px) 100vw, 400px\" \/><\/figure>\n<\/figure>\n<\/div>\n\n\n\n<div class=\"wp-block-column is-layout-flow wp-block-column-is-layout-flow\">\n<p>\u00abMi inventario personal\u00bb es una aplicaci\u00f3n para Android<sup>TM<\/sup> que permite crear y gestionar f\u00e1cilmente inventarios personales y privados. Ya sea por su afici\u00f3n, sus muebles, ropa, libros, herramientas, etc\u2026<\/p>\n\n\n\n<p>El lema de la aplicaci\u00f3n \u00abkeep it simple &amp; easy\u00bb \/ \u00abhazlo simple y f\u00e1cil\u00bb.<\/p>\n\n\n\n<p>\u00abMi inventario personal\u00bb ha estado en uso productivo durante los \u00faltimos a\u00f1os y se est\u00e1 desarrollando constantemente.<\/p>\n<\/div>\n<\/div>\n\n\n\n<p><\/p>\n\n\n\n<p>Disponible en el Google Play Store en su versi\u00f3n productiva. Ahora tambi\u00e9n con soporte para el Excel-Export y copia de seguridad automatizable en su OneDrive<sup>TM<\/sup>, Google Drive<sup>TM<\/sup> o en un servidor WebDAV.<\/p>\n\n\n\n<figure class=\"wp-block-image size-full is-resized\"><a href=\"https:\/\/play.google.com\/store\/apps\/details?id=com.tomkos.myinventory\"><img loading=\"lazy\" decoding=\"async\" width=\"646\" height=\"250\" src=\"https:\/\/miinventariopersonal.com\/es\/wp-content\/uploads\/2022\/03\/google-play-badge2.png\" alt=\"\" class=\"wp-image-124\" style=\"width:160px;height:62px\" srcset=\"https:\/\/miinventariopersonal.com\/es\/wp-content\/uploads\/2022\/03\/google-play-badge2.png 646w, https:\/\/miinventariopersonal.com\/es\/wp-content\/uploads\/2022\/03\/google-play-badge2-300x116.png 300w\" sizes=\"auto, (max-width: 646px) 100vw, 646px\" \/><\/a><\/figure>\n\n\n\n<hr class=\"wp-block-separator has-alpha-channel-opacity is-style-wide\"\/>\n\n\n\n<p>La alicaci\u00f3n es totalmente gratis, con todas sus funciones y sin compras dentro de la aplicaci\u00f3n. Si le gusta la aplicaci\u00f3n y nos quiere mostrar su agradecimiento, nos puede escribir una rese\u00f1a, enviar un correo y ahora tambi\u00e9n puede invitarnos a un caf\u00e9:<\/p>\n\n\n\n<div style=\"text-align: center; transform: scale(0.7); transform-origin: center;\"><script type=\"text\/javascript\" src=\"https:\/\/cdnjs.buymeacoffee.com\/1.0.0\/button.prod.min.js\" data-name=\"bmc-button\" data-slug=\"mypersonalinventory\" data-color=\"#FFDD00\" data-emoji=\"\u2615\" data-font=\"Lato\" data-text=\"te invito a un caf\u00e9\" data-outline-color=\"#000000\" data-font-color=\"#000000\" data-coffee-color=\"#ffffff\" ><\/script><\/div>\n\n\n\n<hr class=\"wp-block-separator has-alpha-channel-opacity is-style-wide\" style=\"margin-top:var(--wp--preset--spacing--30);margin-bottom:var(--wp--preset--spacing--20)\"\/>\n\n\n\n<div class=\"wp-block-media-text is-stacked-on-mobile\" style=\"margin-top:var(--wp--preset--spacing--30);margin-right:var(--wp--preset--spacing--30);margin-bottom:var(--wp--preset--spacing--30);margin-left:var(--wp--preset--spacing--30);grid-template-columns:27% auto\"><figure class=\"wp-block-media-text__media\"><img loading=\"lazy\" decoding=\"async\" width=\"888\" height=\"434\" src=\"https:\/\/miinventariopersonal.com\/es\/wp-content\/uploads\/2024\/11\/InvOnline.jpg\" alt=\"\" class=\"wp-image-643 size-full\" srcset=\"https:\/\/miinventariopersonal.com\/es\/wp-content\/uploads\/2024\/11\/InvOnline.jpg 888w, https:\/\/miinventariopersonal.com\/es\/wp-content\/uploads\/2024\/11\/InvOnline-300x147.jpg 300w, https:\/\/miinventariopersonal.com\/es\/wp-content\/uploads\/2024\/11\/InvOnline-768x375.jpg 768w\" sizes=\"auto, (max-width: 888px) 100vw, 888px\" \/><\/figure><div class=\"wp-block-media-text__content\">\n<p class=\"has-medium-font-size\"><strong>En preparaci\u00f3n<\/strong><\/p>\n\n\n\n<p>Seguimos trabajando en una gran actualizaci\u00f3n para su experiencia de gesti\u00f3n de inventarios personales!<\/p>\n\n\n\n<p><strong>La cuenta &#8216;Mi inventario personal&#8217; <\/strong>ofrecer\u00e1 <strong>sincronizaci\u00f3n real<\/strong>, para mantener sus dispositivos completamente actualizados y conectados.<\/p>\n\n\n\n<p>La implementaci\u00f3n actual est\u00e1 en pruebas con varios usuarios, pero no ha llegado al nivel necesario para publicarlo.<\/p>\n<\/div><\/div>\n\n\n\n<hr class=\"wp-block-separator has-alpha-channel-opacity is-style-wide\"\/>\n\n\n\n<p class=\"has-medium-font-size\"><strong>\u00daltimas noticias<\/strong><\/p>\n\n\n\n<ul class=\"wp-block-list\">\n<li><strong>Versi\u00f3n 1.9 <\/strong>ha comenzado el ciclo de test y traer\u00e1: Nuevo: <strong>Opci\u00f3n de sincronizaci\u00f3n entre dispositivos mediante WebDAV<\/strong>. Nuevo: <strong>Limitar el tama\u00f1o de los archivos de imagen<\/strong>.<br><\/li>\n\n\n\n<li><strong>Versi\u00f3n 1.8.19 <\/strong>se ha publicado y trae: Nuevo: <strong>Checkout de art\u00edculos (Venta\/Donaci\u00f3n)<\/strong><br><\/li>\n\n\n\n<li><strong>Versi\u00f3n 1.8.18 <\/strong>se ha publicado y trae: Nuevo: <strong>Lector de c\u00f3digos de barras recupera opcionalmente datos de Google Books<sup>TM<\/sup> o Open Food Facts<\/strong>. Nuevo: <strong>Colores de las categor\u00edas se muestran en la lista de art\u00edculos. <\/strong>Nuevo: <strong>se pueden administrar los destinatarios de los art\u00edculos.<\/strong><br><\/li>\n\n\n\n<li><strong>Versi\u00f3n 1.8.17 <\/strong>se ha publicado y trae: Nuevo: <strong>Advertencias de caducidad configurables para cada categor\u00eda<\/strong>. Mejorado: <strong>la b\u00fasqueda global incluye art\u00edculos archivados, prestados y de la lista de compras. <\/strong>Nuevo: <strong>puede agregar una nota a los elementos archivados<\/strong>. Mejorado: <strong>la lista de elementos archivados incluye un campo de edad<\/strong>.<br><\/li>\n\n\n\n<li><strong>Versi\u00f3n 1.8.16<\/strong> se ha publicado y trae: Nuevo: Ahora se puede <strong>configurar el aviso sobre el stock m\u00ednimo y m\u00e1ximo para cada art\u00edculo<\/strong>. Nuevo: Ahora <strong>se pueden archivar art\u00edculos<\/strong>. Nuevo: <strong>Vista previa de los art\u00edculos incluidos en un subinventario (vista de acorde\u00f3n) en la lista de art\u00edculos<\/strong>.<br><\/li>\n\n\n\n<li><strong>Versi\u00f3n 1.8.15<\/strong> se ha publicado y trae: Nuevo: <strong>la salida y devoluci\u00f3n de art\u00edculos prestados puede actualizar el stock<\/strong>. Mejorado: <strong>se pueden usar hasta 10 campos propios por inventario<\/strong>.<br><\/li>\n\n\n\n<li><strong>Versi\u00f3n 1.8.14<\/strong> se ha publicado y trae: Nuevo: Se pueden <strong>asignar varias categor\u00edas a cada art\u00edculo<\/strong>. Nuevo: <strong>Copias de seguridad locales automatizadas<\/strong>. Nuevo: <strong>Pesta\u00f1a \u00abHistorial de pr\u00e9stamos\u00bb en el modo de edici\u00f3n de art\u00edculos<\/strong>.<br><\/li>\n\n\n\n<li><strong>Versi\u00f3n 1.8.13<\/strong> se ha publicado y trae una opci\u00f3n para <strong>gestionar una lista de art\u00edculos prestados<\/strong>.<br><\/li>\n\n\n\n<li><strong>Versi\u00f3n 1.8.12<\/strong> se ha publicado: <strong>Opci\u00f3n de utilizar una aplicaci\u00f3n de galer\u00eda existente para agregar im\u00e1genes a los art\u00edculos.<\/strong><br><\/li>\n\n\n\n<li><strong>Versi\u00f3n 1.8.11<\/strong> se ha publicado: Nuevo: <strong>Backup &amp; restaurauraci\u00f3n usando ficheros Zip<\/strong>. Nuevo: <strong>Notificaciones sobre stock y art\u00edculos caducados<\/strong>.<br><\/li>\n\n\n\n<li><strong>Versi\u00f3n 1.8.10<\/strong> se ha publicado. Nuevo: Puede <strong>configurar qu\u00e9 datos se mostrar\u00e1n en la vista de galer\u00eda<\/strong>. Nuevo: <strong>guarde y restaure sus ajustes de filtros, agrupaci\u00f3n y ordenaci\u00f3n<\/strong>. Mejorado: Varias correcciones y mejoras.<br><\/li>\n\n\n\n<li><strong>Preview versi\u00f3n 1.9 <\/strong>ha llegado al ciclo de pruebas finales y ya funciona de manera estable para algunos <strong>usuarios beta<\/strong>. Por primera vez, ofrece la cuenta de usuario \u201cMi Inventario Personal\u201d y permite realizar copias de seguridad online. Esta es la base para la sincronizaci\u00f3n en l\u00ednea, que estar\u00e1 disponible con la versi\u00f3n 2.0. Para agrupar las capacidades de desarrollo y prueba, <strong>publicaremos las versiones 1.9 y 2.0 juntas<\/strong>. El objetivo es el <strong>tercer trimestre de 2025<\/strong>. En paralelo se seguir\u00e1n proporcionando correcciones de errores y mejoras menores con la actual versi\u00f3n 1.8.*.<br><\/li>\n\n\n\n<li><strong>Versi\u00f3n 1.8.9<\/strong> se ha publicado. Nuevo: <strong>nuevo campo de datos &#8216;stock m\u00e1x.&#8217;<\/strong> para art\u00edculos. Mejora: <strong>zoom inicial en edici\u00f3n de im\u00e1genes<\/strong>.<br><\/li>\n\n\n\n<li><strong>La cuenta de usuario \u00abMyInventory Account\u00bb<\/strong>, que pronto estar\u00e1 disponible, se ha <strong>agregado a la Pol\u00edtica de privacidad y los T\u00e9rminos de uso<\/strong>.<br><\/li>\n\n\n\n<li><strong>Versi\u00f3n 1.8.8<\/strong> se ha publicado. Es esencialmente una versi\u00f3n de mantenimiento con <strong>correcciones de errores y mejoras menores.<\/strong><\/li>\n\n\n\n<li><strong>Versi\u00f3n 1.8.7<\/strong> se ha publicado. Permite <strong>ajustar im\u00e1genes a\u00f1adidas a la aplicaci\u00f3n (r<strong>ecortar y girar)<\/strong><\/strong>. Y <strong>soporta Nextcloud<\/strong> para realizar Backups.<\/li>\n\n\n\n<li><strong>Versi\u00f3n 1.8.6<\/strong> se ha publicado<br>Nuevo: <strong>los campos de datos personalizados ahora tambi\u00e9n admiten el tipo de interruptor de encendido\/apagado.<\/strong> Correcci\u00f3n de errores: exportar sus propios campos de datos.<\/li>\n\n\n\n<li><strong>Versi\u00f3n 1.8.5<\/strong> se ha publicado<br>Nuevo: <strong>Campos propios se pueden utilizar para agrupar. <\/strong>Cambio: <strong>\u00abTipo de inventario\u00bb ha sido reemplazado por una configuraci\u00f3n individual de los campos est\u00e1ndar<\/strong>. Cambio: <strong>La hoja de art\u00edculos y la exportaci\u00f3n a Excel solo contienen campos de datos activos<\/strong>.<\/li>\n\n\n\n<li><strong>Versi\u00f3n 1.8.4<\/strong> se ha publicado<br>Mejorado: <strong>Estad\u00edstica incluye un sumatorio<\/strong>. Mejorado: Puede <strong>copiar(duplicar) un articulo <\/strong>al mismo inventario. Mejorado: En los <strong>par\u00e1metros de filtro puede usar el lector de c\u00f3digos de barra<\/strong>. Mejorado: <strong>Ordenar seg\u00fan sus propios campos de datos<\/strong>. Mejorado: <strong>b\u00fasqueda de inventarios al copiar\/mover art\u00edculos<\/strong>.<\/li>\n\n\n\n<li><strong>Versi\u00f3n 1.8.3<\/strong> se ha publicado<br>Nuevo: <strong>Campo de c\u00f3digo de barras para inventarios. Im\u00e1genes para art\u00edculos de lista de compras.<\/strong> Mejorado: varias correcciones y mejoras.<\/li>\n\n\n\n<li><strong>Versi\u00f3n 1.8.2<\/strong> se ha publicado<br>Nuevo: <strong>Directorio de Backup\/Restore seleccionable. <\/strong>Mejorado: Varias correcciones.<\/li>\n\n\n\n<li><strong>Versi\u00f3n 1.8.1<\/strong> se ha publicado<br>Funci\u00f3n de estad\u00edsticas actualizada, vista previa de PDF y m\u00e1s mejoras.<\/li>\n\n\n\n<li><strong>Versi\u00f3n 1.8<\/strong> se ha publicado<br>Ofrece la posibilidad de importar datos y de crear sub-inventarios.<\/li>\n<\/ul>\n\n\n\n<p><\/p>\n","protected":false},"excerpt":{"rendered":"<p>Bienvenido a \u00abMi Inventario Personal\u00bb \u00bfSiempre ha querido crear un inventario personal, pero a\u00fan no ha encontrado una herramienta realmente simple para hacerlo? Mantener un inventario personal puede ser importante por varias razones: En general, mantener un inventario personal puede ayudarlo a mantenerse organizado, proteger sus posesiones y tomar decisiones informadas sobre sus finanzas. \u00abMi [&hellip;]<\/p>\n","protected":false},"author":1,"featured_media":0,"parent":0,"menu_order":0,"comment_status":"closed","ping_status":"open","template":"","meta":{"site-sidebar-layout":"default","site-content-layout":"","ast-site-content-layout":"default","site-content-style":"default","site-sidebar-style":"default","ast-global-header-display":"","ast-banner-title-visibility":"","ast-main-header-display":"","ast-hfb-above-header-display":"","ast-hfb-below-header-display":"","ast-hfb-mobile-header-display":"","site-post-title":"disabled","ast-breadcrumbs-content":"","ast-featured-img":"","footer-sml-layout":"","ast-disable-related-posts":"","theme-transparent-header-meta":"","adv-header-id-meta":"","stick-header-meta":"","header-above-stick-meta":"","header-main-stick-meta":"","header-below-stick-meta":"","astra-migrate-meta-layouts":"set","ast-page-background-enabled":"default","ast-page-background-meta":{"desktop":{"background-color":"var(--ast-global-color-4)","background-image":"","background-repeat":"repeat","background-position":"center center","background-size":"auto","background-attachment":"scroll","background-type":"","background-media":"","overlay-type":"","overlay-color":"","overlay-opacity":"","overlay-gradient":""},"tablet":{"background-color":"","background-image":"","background-repeat":"repeat","background-position":"center center","background-size":"auto","background-attachment":"scroll","background-type":"","background-media":"","overlay-type":"","overlay-color":"","overlay-opacity":"","overlay-gradient":""},"mobile":{"background-color":"","background-image":"","background-repeat":"repeat","background-position":"center center","background-size":"auto","background-attachment":"scroll","background-type":"","background-media":"","overlay-type":"","overlay-color":"","overlay-opacity":"","overlay-gradient":""}},"ast-content-background-meta":{"desktop":{"background-color":"var(--ast-global-color-5)","background-image":"","background-repeat":"repeat","background-position":"center center","background-size":"auto","background-attachment":"scroll","background-type":"","background-media":"","overlay-type":"","overlay-color":"","overlay-opacity":"","overlay-gradient":""},"tablet":{"background-color":"var(--ast-global-color-5)","background-image":"","background-repeat":"repeat","background-position":"center center","background-size":"auto","background-attachment":"scroll","background-type":"","background-media":"","overlay-type":"","overlay-color":"","overlay-opacity":"","overlay-gradient":""},"mobile":{"background-color":"var(--ast-global-color-5)","background-image":"","background-repeat":"repeat","background-position":"center center","background-size":"auto","background-attachment":"scroll","background-type":"","background-media":"","overlay-type":"","overlay-color":"","overlay-opacity":"","overlay-gradient":""}},"footnotes":""},"class_list":["post-2","page","type-page","status-publish","hentry"],"_links":{"self":[{"href":"https:\/\/miinventariopersonal.com\/es\/index.php\/wp-json\/wp\/v2\/pages\/2","targetHints":{"allow":["GET"]}}],"collection":[{"href":"https:\/\/miinventariopersonal.com\/es\/index.php\/wp-json\/wp\/v2\/pages"}],"about":[{"href":"https:\/\/miinventariopersonal.com\/es\/index.php\/wp-json\/wp\/v2\/types\/page"}],"author":[{"embeddable":true,"href":"https:\/\/miinventariopersonal.com\/es\/index.php\/wp-json\/wp\/v2\/users\/1"}],"replies":[{"embeddable":true,"href":"https:\/\/miinventariopersonal.com\/es\/index.php\/wp-json\/wp\/v2\/comments?post=2"}],"version-history":[{"count":115,"href":"https:\/\/miinventariopersonal.com\/es\/index.php\/wp-json\/wp\/v2\/pages\/2\/revisions"}],"predecessor-version":[{"id":837,"href":"https:\/\/miinventariopersonal.com\/es\/index.php\/wp-json\/wp\/v2\/pages\/2\/revisions\/837"}],"wp:attachment":[{"href":"https:\/\/miinventariopersonal.com\/es\/index.php\/wp-json\/wp\/v2\/media?parent=2"}],"curies":[{"name":"wp","href":"https:\/\/api.w.org\/{rel}","templated":true}]}}