{"id":381,"date":"2023-11-11T06:32:07","date_gmt":"2023-11-11T05:32:07","guid":{"rendered":"https:\/\/miinventariopersonal.com\/es\/?page_id=381"},"modified":"2023-11-11T07:18:50","modified_gmt":"2023-11-11T06:18:50","slug":"sus-ideas","status":"publish","type":"page","link":"https:\/\/miinventariopersonal.com\/es\/index.php\/sus-ideas\/","title":{"rendered":"Escuchamos sus ideas"},"content":{"rendered":"\n<p>Aqu\u00ed nos puede transmitir su idea de mejora, nuevas funcionalidades o cambios requeridos en la aplicaci\u00f3n. Todas las ideas ser\u00e1n evaluadas y si son implementables, se a\u00f1adir\u00e1n al Backlog para las siguientes versiones. <\/p>\n\n\n\n<p>Sus datos ser\u00e1n recogidos y almacenados electr\u00f3nicamente estrictamente con la finalidad de tramitar y atender su solicitud. Al enviar su mensaje acepta nuestra <a href=\"https:\/\/miinventariopersonal.com\/es\/index.php\/politica-de-privacidad\/\" data-type=\"page\" data-id=\"20\">pol\u00edtica de privacidad<\/a>.<\/p>\n\n\n<div class=\"wpforms-container wpforms-container-full wpforms-block wpforms-block-b0cdbeae-5201-41a4-a783-5fe3bc961099 wpforms-render-modern\" id=\"wpforms-383\"><form id=\"wpforms-form-383\" class=\"wpforms-validate wpforms-form wpforms-ajax-form\" data-formid=\"383\" method=\"post\" enctype=\"multipart\/form-data\" action=\"\/es\/index.php\/wp-json\/wp\/v2\/pages\/381\" data-token=\"ce0f919572095dffa59876f41c3eeedf\" data-token-time=\"1776352178\"><div class=\"wpforms-head-container\"><div class=\"wpforms-title\">Idea de mejora<\/div><\/div><noscript class=\"wpforms-error-noscript\">Por favor, activa JavaScript en tu navegador para completar este formulario.<\/noscript><div id=\"wpforms-error-noscript\" style=\"display: none;\">Por favor, activa JavaScript en tu navegador para completar este formulario.<\/div><div class=\"wpforms-field-container\"><div id=\"wpforms-383-field_1-container\" class=\"wpforms-field wpforms-field-name\" data-field-id=\"1\"><label class=\"wpforms-field-label\" for=\"wpforms-383-field_1\">Nombre <span class=\"wpforms-required-label\" aria-hidden=\"true\">*<\/span><\/label><input type=\"text\" id=\"wpforms-383-field_1\" class=\"wpforms-field-medium wpforms-field-required\" name=\"wpforms[fields][1]\" aria-errormessage=\"wpforms-383-field_1-error\" required><\/div><div id=\"wpforms-383-field_2-container\" class=\"wpforms-field wpforms-field-email\" data-field-id=\"2\"><label class=\"wpforms-field-label\" for=\"wpforms-383-field_2\">Correo electr\u00f3nico (opcional)<\/label><input type=\"email\" id=\"wpforms-383-field_2\" class=\"wpforms-field-medium\" name=\"wpforms[fields][2]\" spellcheck=\"false\" aria-errormessage=\"wpforms-383-field_2-error\" aria-describedby=\"wpforms-383-field_2-description\" ><div id=\"wpforms-383-field_2-description\" class=\"wpforms-field-description\">En caso de que nos permita contactarle para aclarar\/concretar aspectos de la idea.<\/div><\/div><div id=\"wpforms-383-field_3-container\" class=\"wpforms-field wpforms-field-textarea\" data-field-id=\"3\"><label class=\"wpforms-field-label\" for=\"wpforms-383-field_3\">Su idea\/petici\u00f3n <span class=\"wpforms-required-label\" aria-hidden=\"true\">*<\/span><\/label><textarea id=\"wpforms-383-field_3\" class=\"wpforms-field-medium wpforms-field-required\" name=\"wpforms[fields][3]\" aria-errormessage=\"wpforms-383-field_3-error\" aria-describedby=\"wpforms-383-field_3-description\" required><\/textarea><div id=\"wpforms-383-field_3-description\" class=\"wpforms-field-description\">Puede ser una nueva funcionalidad, un cambio en la aplicaci\u00f3n o cualquier otra idea &#8230;<\/div><\/div><div id=\"wpforms-383-field_4-container\" class=\"wpforms-field wpforms-field-checkbox\" data-field-id=\"4\"><fieldset><legend class=\"wpforms-field-label\">Casillas de verificaci\u00f3n <span class=\"wpforms-required-label\" aria-hidden=\"true\">*<\/span><\/legend><ul id=\"wpforms-383-field_4\" class=\"wpforms-field-required\"><li class=\"choice-1 depth-1\"><input type=\"checkbox\" id=\"wpforms-383-field_4_1\" name=\"wpforms[fields][4][]\" value=\"Acepto la pol\u00edtica de privacidad\" aria-errormessage=\"wpforms-383-field_4_1-error\" aria-describedby=\"wpforms-383-field_4-description\" required ><label class=\"wpforms-field-label-inline\" for=\"wpforms-383-field_4_1\">Acepto la pol\u00edtica de privacidad<\/label><\/li><\/ul><div id=\"wpforms-383-field_4-description\" class=\"wpforms-field-description\">He le\u00eddo y acepto la pol\u00edtica de privacidad. Sus datos personales ser\u00e1n recogidos y almacenados electr\u00f3nicamente estrictamente con la finalidad de tramitar y atender su solicitud y no se comparten con terceros.<\/div><\/fieldset><\/div><\/div><!-- .wpforms-field-container --><div class=\"wpforms-submit-container\" ><input type=\"hidden\" name=\"wpforms[id]\" value=\"383\"><input type=\"hidden\" name=\"page_title\" value=\"\"><input type=\"hidden\" name=\"page_url\" value=\"https:\/\/miinventariopersonal.com\/es\/index.php\/wp-json\/wp\/v2\/pages\/381\"><input type=\"hidden\" name=\"url_referer\" value=\"\"><button type=\"submit\" name=\"wpforms[submit]\" id=\"wpforms-submit-383\" class=\"wpforms-submit\" data-alt-text=\"Enviando...\" data-submit-text=\"Enviar\" aria-live=\"assertive\" value=\"wpforms-submit\">Enviar<\/button><img loading=\"lazy\" decoding=\"async\" src=\"https:\/\/miinventariopersonal.com\/es\/wp-content\/plugins\/wpforms-lite\/assets\/images\/submit-spin.svg\" class=\"wpforms-submit-spinner\" style=\"display: none;\" width=\"26\" height=\"26\" alt=\"Cargando\"><\/div><\/form><\/div>  <!-- .wpforms-container -->","protected":false},"excerpt":{"rendered":"<p>Aqu\u00ed nos puede transmitir su idea de mejora, nuevas funcionalidades o cambios requeridos en la aplicaci\u00f3n. Todas las ideas ser\u00e1n evaluadas y si son implementables, se a\u00f1adir\u00e1n al Backlog para las siguientes versiones. Sus datos ser\u00e1n recogidos y almacenados electr\u00f3nicamente estrictamente con la finalidad de tramitar y atender su solicitud. Al enviar su mensaje acepta [&hellip;]<\/p>\n","protected":false},"author":1,"featured_media":0,"parent":0,"menu_order":0,"comment_status":"closed","ping_status":"closed","template":"","meta":{"site-sidebar-layout":"default","site-content-layout":"","ast-site-content-layout":"default","site-content-style":"default","site-sidebar-style":"default","ast-global-header-display":"","ast-banner-title-visibility":"","ast-main-header-display":"","ast-hfb-above-header-display":"","ast-hfb-below-header-display":"","ast-hfb-mobile-header-display":"","site-post-title":"","ast-breadcrumbs-content":"","ast-featured-img":"","footer-sml-layout":"","ast-disable-related-posts":"","theme-transparent-header-meta":"","adv-header-id-meta":"","stick-header-meta":"","header-above-stick-meta":"","header-main-stick-meta":"","header-below-stick-meta":"","astra-migrate-meta-layouts":"set","ast-page-background-enabled":"default","ast-page-background-meta":{"desktop":{"background-color":"var(--ast-global-color-4)","background-image":"","background-repeat":"repeat","background-position":"center center","background-size":"auto","background-attachment":"scroll","background-type":"","background-media":"","overlay-type":"","overlay-color":"","overlay-opacity":"","overlay-gradient":""},"tablet":{"background-color":"","background-image":"","background-repeat":"repeat","background-position":"center center","background-size":"auto","background-attachment":"scroll","background-type":"","background-media":"","overlay-type":"","overlay-color":"","overlay-opacity":"","overlay-gradient":""},"mobile":{"background-color":"","background-image":"","background-repeat":"repeat","background-position":"center center","background-size":"auto","background-attachment":"scroll","background-type":"","background-media":"","overlay-type":"","overlay-color":"","overlay-opacity":"","overlay-gradient":""}},"ast-content-background-meta":{"desktop":{"background-color":"var(--ast-global-color-5)","background-image":"","background-repeat":"repeat","background-position":"center center","background-size":"auto","background-attachment":"scroll","background-type":"","background-media":"","overlay-type":"","overlay-color":"","overlay-opacity":"","overlay-gradient":""},"tablet":{"background-color":"var(--ast-global-color-5)","background-image":"","background-repeat":"repeat","background-position":"center center","background-size":"auto","background-attachment":"scroll","background-type":"","background-media":"","overlay-type":"","overlay-color":"","overlay-opacity":"","overlay-gradient":""},"mobile":{"background-color":"var(--ast-global-color-5)","background-image":"","background-repeat":"repeat","background-position":"center center","background-size":"auto","background-attachment":"scroll","background-type":"","background-media":"","overlay-type":"","overlay-color":"","overlay-opacity":"","overlay-gradient":""}},"footnotes":""},"class_list":["post-381","page","type-page","status-publish","hentry"],"_links":{"self":[{"href":"https:\/\/miinventariopersonal.com\/es\/index.php\/wp-json\/wp\/v2\/pages\/381","targetHints":{"allow":["GET"]}}],"collection":[{"href":"https:\/\/miinventariopersonal.com\/es\/index.php\/wp-json\/wp\/v2\/pages"}],"about":[{"href":"https:\/\/miinventariopersonal.com\/es\/index.php\/wp-json\/wp\/v2\/types\/page"}],"author":[{"embeddable":true,"href":"https:\/\/miinventariopersonal.com\/es\/index.php\/wp-json\/wp\/v2\/users\/1"}],"replies":[{"embeddable":true,"href":"https:\/\/miinventariopersonal.com\/es\/index.php\/wp-json\/wp\/v2\/comments?post=381"}],"version-history":[{"count":7,"href":"https:\/\/miinventariopersonal.com\/es\/index.php\/wp-json\/wp\/v2\/pages\/381\/revisions"}],"predecessor-version":[{"id":401,"href":"https:\/\/miinventariopersonal.com\/es\/index.php\/wp-json\/wp\/v2\/pages\/381\/revisions\/401"}],"wp:attachment":[{"href":"https:\/\/miinventariopersonal.com\/es\/index.php\/wp-json\/wp\/v2\/media?parent=381"}],"curies":[{"name":"wp","href":"https:\/\/api.w.org\/{rel}","templated":true}]}}